{"id":255,"date":"2025-04-29T21:27:57","date_gmt":"2025-04-29T21:27:57","guid":{"rendered":"https:\/\/flexomarket.com.mx\/nuevo\/?page_id=255"},"modified":"2025-06-12T17:45:34","modified_gmt":"2025-06-12T17:45:34","slug":"materiales","status":"publish","type":"page","link":"https:\/\/flexomarket.com.mx\/index.php\/materiales\/","title":{"rendered":"Materiales"},"content":{"rendered":"\n<div class=\"section-wrapper\" data-id=\"BUzQHB\"><section class=\"wp-block-gutenverse-section guten-element guten-section guten-BUzQHB layout-fullwidth align-stretch\"><div class=\"guten-container guten-column-gap-default\">\n<div class=\"wp-block-gutenverse-column guten-element guten-column guten-rLSRnR\"><div class=\"guten-column-wrapper\" data-id=\"rLSRnR\">\n<h2 class=\"wp-block-gutenverse-heading guten-element guten-09s8RH\"><strong>ETIQUETAS A COLOR<\/strong><\/h2>\n\n\n\n<h5 class=\"wp-block-gutenverse-heading guten-element guten-N1fVbQ\">Nuestra experiencia en la impresi\u00f3n a color garantiza una reproducci\u00f3n fiel y de alta calidad, <br>mientras que nuestra selecci\u00f3n de materiales duraderos asegura que las etiquetas sean adecuadas para cualquier aplicaci\u00f3n.<\/h5>\n\n\n\n<div class=\"section-wrapper\" data-id=\"2ZBPsB\"><section class=\"wp-block-gutenverse-section guten-element guten-section guten-2ZBPsB layout-boxed align-stretch\"><div class=\"guten-container guten-column-gap-default\">\n<div class=\"wp-block-gutenverse-column guten-element guten-column guten-ZHZouz\"><div class=\"guten-column-wrapper\" data-id=\"ZHZouz\">\n<figure class=\"wp-block-image size-full\"><img loading=\"lazy\" decoding=\"async\" width=\"1024\" height=\"1024\" src=\"https:\/\/flexomarket.com.mx\/wp-content\/uploads\/2025\/05\/label.png\" alt=\"\" class=\"wp-image-366\" srcset=\"https:\/\/flexomarket.com.mx\/wp-content\/uploads\/2025\/05\/label.png 1024w, https:\/\/flexomarket.com.mx\/wp-content\/uploads\/2025\/05\/label-300x300.png 300w, https:\/\/flexomarket.com.mx\/wp-content\/uploads\/2025\/05\/label-150x150.png 150w, https:\/\/flexomarket.com.mx\/wp-content\/uploads\/2025\/05\/label-768x768.png 768w\" sizes=\"auto, (max-width: 1024px) 100vw, 1024px\" \/><\/figure>\n<\/div><\/div>\n\n\n\n<div class=\"wp-block-gutenverse-column guten-element guten-column guten-ba4oUr\"><div class=\"guten-column-wrapper\" data-id=\"ba4oUr\">\n<h4 class=\"wp-block-heading has-theme-1-color has-text-color has-link-color wp-elements-85a1c71e69f98262fdecf91bf7940f2b\" style=\"font-style:normal;font-weight:100\">MATERIALES CON ADHESIVO<\/h4>\n\n\n\n<div class=\"guten-element guten-accordions guten-US1a9N\">\n<div class=\"accordion-item guten-l5tHQt\"><div class=\"accordion-heading\"><div class=\"accordion-icon\"><span class=\"accordion-icon-open\"><i class=\"fas fa-minus\"><\/i><\/span><span class=\"accordion-icon-closed\"><i class=\"fas fa-plus\"><\/i><\/span><\/div><span class=\"accordion-text\">BOPP BLANCO \/ TRANSPARENTE<\/span><\/div><div class=\"accordion-body\"><div class=\"accordion-content\">\n<p>&#8211;<strong>El BOPP Blanco <\/strong>es una pel\u00edcula ideal para etiquetas que requieren alta resistencia a la humedad y a temperaturas extremas. Ofrece un excelente rendimiento de impresi\u00f3n y es perfecta para productos como alimentos, bebidas, art\u00edculos de limpieza, qu\u00edmicos y m\u00e1s.<\/p>\n\n\n\n<p>&#8211;<strong>BOPP Transparente <\/strong>Para etiquetas que buscan un acabado elegante y discreto. Su alta resistencia a la humedad, productos qu\u00edmicos y manipulaci\u00f3n lo hace perfecto para productos como cosm\u00e9ticos, bebidas, alimentos y art\u00edculos de limpieza. Adem\u00e1s, garantiza una excelente calidad de impresi\u00f3n y una apariencia premium que eleva la presentaci\u00f3n de cualquier envase.<\/p>\n<\/div><\/div><\/div>\n<\/div>\n\n\n\n<div class=\"guten-element guten-accordions guten-okymdD\">\n<div class=\"accordion-item guten-cuMTib\"><div class=\"accordion-heading\"><div class=\"accordion-icon\"><span class=\"accordion-icon-open\"><i class=\"fas fa-minus\"><\/i><\/span><span class=\"accordion-icon-closed\"><i class=\"fas fa-plus\"><\/i><\/span><\/div><span class=\"accordion-text\">COUCH\u00c9 BRILLANTE<\/span><\/div><div class=\"accordion-body\"><div class=\"accordion-content\">\n<p>-El Couch\u00e9 brillante es un papel recubierto con una superficie lisa y reflectante que permite una excelente transferencia de tinta en impresi\u00f3n flexogr\u00e1fica. Es ampliamente utilizado en etiquetas de productos de consumo como alimentos, bebidas, limpieza y cuidado personal, gracias a su alta definici\u00f3n de impresi\u00f3n, acabado llamativo y buena relaci\u00f3n costo-beneficio para producciones de gran volumen.<\/p>\n<\/div><\/div><\/div>\n<\/div>\n\n\n\n<div class=\"guten-element guten-accordions guten-OMxo8Z\">\n<div class=\"accordion-item guten-5N4KEc\"><div class=\"accordion-heading\"><div class=\"accordion-icon\"><span class=\"accordion-icon-open\"><i class=\"fas fa-minus\"><\/i><\/span><span class=\"accordion-icon-closed\"><i class=\"fas fa-plus\"><\/i><\/span><\/div><span class=\"accordion-text\">POLIESTER PLATA<\/span><\/div><div class=\"accordion-body\"><div class=\"accordion-content\">\n<p>-Es un material sint\u00e9tico de alta resistencia con acabado metalizado que ofrece una excelente durabilidad y apariencia premium. Es ideal para etiquetas que requieren resistencia a condiciones exigentes como calor, humedad, abrasi\u00f3n y exposici\u00f3n a qu\u00edmicos. Com\u00fanmente se utiliza en productos automotrices, electr\u00f3nicos, cosm\u00e9ticos y bienes duraderos, donde se busca un acabado sofisticado y una larga vida \u00fatil de la etiqueta.<\/p>\n<\/div><\/div><\/div>\n<\/div>\n\n\n\n<div class=\"guten-element guten-accordions guten-ZO7l4e\">\n<div class=\"accordion-item guten-NkbS5X\"><div class=\"accordion-heading\"><div class=\"accordion-icon\"><span class=\"accordion-icon-open\"><i class=\"fas fa-minus\"><\/i><\/span><span class=\"accordion-icon-closed\"><i class=\"fas fa-plus\"><\/i><\/span><\/div><span class=\"accordion-text\">MYLAR DORADO<\/span><\/div><div class=\"accordion-body\"><div class=\"accordion-content\">\n<p>-Material brillante y altamente reflectivo que ofrece una apariencia lujosa y sofisticada. Su acabado met\u00e1lico lo hace ideal para etiquetas de productos premium como cosm\u00e9ticos, bebidas y ediciones especiales. Adem\u00e1s de su atractivo visual, es un material resistente al desgaste, a la humedad y a agentes qu\u00edmicos ligeros, lo que garantiza durabilidad en condiciones exigentes. Disponible en diferentes adhesivos, se adapta f\u00e1cilmente a diversas superficies y aplicaciones, especialmente para fabricaciones de alto volumen.<\/p>\n<\/div><\/div><\/div>\n<\/div>\n\n\n\n<div class=\"guten-element guten-accordions guten-4a8l7m\">\n<div class=\"accordion-item guten-ZuJkI7\"><div class=\"accordion-heading\"><div class=\"accordion-icon\"><span class=\"accordion-icon-open\"><i class=\"fas fa-minus\"><\/i><\/span><span class=\"accordion-icon-closed\"><i class=\"fas fa-plus\"><\/i><\/span><\/div><span class=\"accordion-text\">PAPEL METALIZADO<\/span><\/div><div class=\"accordion-body\"><div class=\"accordion-content\">\n<p>-Material brillante ideal para etiquetas que buscan una apariencia llamativa y elegante. Compatible con impresi\u00f3n flexogr\u00e1fica, permite lograr colores intensos y efectos decorativos. Est\u00e1 disponible en tonos como plata, oro, cobre, rojo, azul y verde, lo que lo hace perfecto para productos que desean destacar en anaquel, como bebidas, cosm\u00e9ticos o alimentos premium. Es una soluci\u00f3n visualmente atractiva y rentable para aplicaciones de corta duraci\u00f3n.<\/p>\n<\/div><\/div><\/div>\n<\/div>\n<\/div><\/div>\n\n\n\n<div class=\"wp-block-gutenverse-column guten-element guten-column guten-Wte6Lc\"><div class=\"guten-column-wrapper\" data-id=\"Wte6Lc\">\n<h4 class=\"wp-block-heading has-theme-1-color has-text-color has-link-color wp-elements-9c7d191828bab7fdfac77f72a094b4ad\" style=\"font-style:normal;font-weight:100\">MATERIALES SIN ADHESIVO<\/h4>\n\n\n\n<div class=\"guten-element guten-accordions guten-Amm5tb\">\n<div class=\"accordion-item guten-KxAehP\"><div class=\"accordion-heading\"><div class=\"accordion-icon\"><span class=\"accordion-icon-open\"><i class=\"fas fa-minus\"><\/i><\/span><span class=\"accordion-icon-closed\"><i class=\"fas fa-plus\"><\/i><\/span><\/div><span class=\"accordion-text\">NYLON<\/span><\/div><div class=\"accordion-body\"><div class=\"accordion-content\">\n<p>Es un material altamente resistente, flexible y duradero, ideal para etiquetas que necesitan soportar condiciones exigentes, como ciclos de lavado y secado. Es especialmente popular en la industria textil para etiquetas de composici\u00f3n, instrucciones de lavado y ropa en general. Su resistencia a la abrasi\u00f3n, productos qu\u00edmicos y temperaturas altas lo hace adecuado para aplicaciones industriales y textiles. Adem\u00e1s, permite una excelente calidad de impresi\u00f3n para textos y c\u00f3digos de barras.<\/p>\n<\/div><\/div><\/div>\n\n\n\n<div class=\"accordion-item guten-lTm8Eo\"><div class=\"accordion-heading\"><div class=\"accordion-icon\"><span class=\"accordion-icon-open\"><i class=\"fas fa-minus\"><\/i><\/span><span class=\"accordion-icon-closed\"><i class=\"fas fa-plus\"><\/i><\/span><\/div><span class=\"accordion-text\">TYVEK<\/span><\/div><div class=\"accordion-body\"><div class=\"accordion-content\">\n<p>Material ligero, resistente y flexible, ideal para etiquetas que necesitan soportar condiciones extremas. Su alta resistencia a desgarros, humedad y productos qu\u00edmicos lo hace perfecto para aplicaciones industriales y de seguridad. Adem\u00e1s, ofrece una excelente calidad de impresi\u00f3n y es vers\u00e1til, adapt\u00e1ndose a diversas formas y superficies.<\/p>\n<\/div><\/div><\/div>\n\n\n\n<div class=\"accordion-item guten-oqE5d5\"><div class=\"accordion-heading\"><div class=\"accordion-icon\"><span class=\"accordion-icon-open\"><i class=\"fas fa-minus\"><\/i><\/span><span class=\"accordion-icon-closed\"><i class=\"fas fa-plus\"><\/i><\/span><\/div><span class=\"accordion-text\">COUCH\u00c9<\/span><\/div><div class=\"accordion-body\"><div class=\"accordion-content\">\n<p>El couch\u00e9 sin adhesivo es un papel recubierto con una o dos capas de estucado, disponible en gramajes que com\u00fanmente van de 80 a 150 g\/m\u00b2. Su superficie lisa y brillante permite una excelente absorci\u00f3n de tinta, logrando impresiones de alta calidad con colores definidos y buena resistencia al roce. Es ideal para etiquetas de productos como refrescos, cervezas, alimentos y usos promocionales, como etiquetas colgantes o bandas envolventes. Su buena maquinabilidad y comportamiento en procesos de troquelado lo convierten en una opci\u00f3n eficiente, vers\u00e1til y econ\u00f3mica para aplicaciones de alto volumen.<\/p>\n<\/div><\/div><\/div>\n\n\n\n<div class=\"accordion-item guten-YNwuMb\"><div class=\"accordion-heading\"><div class=\"accordion-icon\"><span class=\"accordion-icon-open\"><i class=\"fas fa-minus\"><\/i><\/span><span class=\"accordion-icon-closed\"><i class=\"fas fa-plus\"><\/i><\/span><\/div><span class=\"accordion-text\">POLIESTER<\/span><\/div><div class=\"accordion-body\"><div class=\"accordion-content\">\n<p>El poli\u00e9ster sin adhesivo es un material pl\u00e1stico de alta resistencia, ideal para etiquetas que requieren durabilidad extrema. Ofrece excelente estabilidad dimensional, resistencia a la humedad, qu\u00edmicos, abrasi\u00f3n y temperaturas elevadas, lo que lo hace perfecto para aplicaciones industriales, electr\u00f3nicas o de identificaci\u00f3n en entornos exigentes.<\/p>\n\n\n\n<p>El poli\u00e9ster sin adhesivo se usa principalmente como insertos, tarjetas identificativas, tags o bandas envolventes.<\/p>\n<\/div><\/div><\/div>\n\n\n\n<div class=\"accordion-item guten-gzdrYW\"><div class=\"accordion-heading\"><div class=\"accordion-icon\"><span class=\"accordion-icon-open\"><i class=\"fas fa-minus\"><\/i><\/span><span class=\"accordion-icon-closed\"><i class=\"fas fa-plus\"><\/i><\/span><\/div><span class=\"accordion-text\">BOPP BLANCO\/TRANSPARENTE<\/span><\/div><div class=\"accordion-body\"><div class=\"accordion-content\">\n<p>El BOPP (polipropileno) sin adhesivo es un material pl\u00e1stico ligero, resistente y vers\u00e1til, ideal para etiquetas que requieren durabilidad, resistencia a la humedad, grasas, y productos qu\u00edmicos. Disponible en versiones blancas o transparentes y en diversos calibres (com\u00fanmente de 30 a 60 micras), ofrece excelente calidad de impresi\u00f3n y acabado visual.<\/p>\n\n\n\n<p>A diferencia del BOPP con adhesivo usado para etiquetas autoadheribles en superficies como envases de alimentos, cosm\u00e9ticos o limpiezA, el BOPP sin adhesivo se emplea como fajas envolventes, etiquetas colgantes o \u201csleeves\u201d interiores, donde no se requiere pegado directo. Es ideal para aplicaciones de alto volumen que buscan un acabado limpio, resistente y presentable sin necesidad de adhesi\u00f3n permanente<\/p>\n<\/div><\/div><\/div>\n<\/div>\n<\/div><\/div>\n<\/div><\/section><\/div>\n<\/div><\/div>\n<\/div><\/section><\/div>\n\n\n\n<div class=\"section-wrapper\" data-id=\"2YbxHn\"><section class=\"wp-block-gutenverse-section guten-element guten-section guten-2YbxHn layout-fullwidth align-stretch\"><div class=\"guten-container guten-column-gap-default\">\n<div class=\"wp-block-gutenverse-column guten-element guten-column guten-W5jifj\"><div class=\"guten-column-wrapper\" data-id=\"W5jifj\">\n<h2 class=\"wp-block-gutenverse-heading guten-element guten-Hh5B9e\"><strong><strong>ETIQUETAS BLANCAS<\/strong><\/strong><\/h2>\n\n\n\n<h5 class=\"wp-block-gutenverse-heading guten-element guten-WvGBeE\">Nuestras etiquetas blancas ofrecen una base neutra y vers\u00e1til para una amplia<br>gama de aplicaciones y materiales, desde etiquetado de productos hasta<br>identificaci\u00f3n de env\u00edos.<\/h5>\n\n\n\n<div class=\"section-wrapper\" data-id=\"vwyFsA\"><section class=\"wp-block-gutenverse-section guten-element guten-section guten-vwyFsA layout-boxed align-stretch\"><div class=\"guten-container guten-column-gap-default\">\n<div class=\"wp-block-gutenverse-column guten-element guten-column guten-lzCUts\"><div class=\"guten-column-wrapper\" data-id=\"lzCUts\">\n<h4 class=\"wp-block-heading has-theme-1-color has-text-color has-link-color wp-elements-4dcad406f6d0409280141706f9cc7803\" style=\"font-style:normal;font-weight:100\">MATERIALES CON Y SIN ADHESIVO<\/h4>\n\n\n\n<div class=\"guten-element guten-accordions guten-QRLv6A\">\n<div class=\"accordion-item guten-gES9RQ\"><div class=\"accordion-heading\"><div class=\"accordion-icon\"><span class=\"accordion-icon-open\"><i class=\"fas fa-minus\"><\/i><\/span><span class=\"accordion-icon-closed\"><i class=\"fas fa-plus\"><\/i><\/span><\/div><span class=\"accordion-text\">BOPP BLANCO<\/span><\/div><div class=\"accordion-body\"><div class=\"accordion-content\">\n<p>Pel\u00edcula pl\u00e1stica altamente resistente, ideal para etiquetas blancas sin impresi\u00f3n que requieren durabilidad y buena presentaci\u00f3n. Es impermeable, soporta el contacto con productos qu\u00edmicos, y resiste el desgarro, lo que lo hace apto para industrias como alimentos, limpieza, cosm\u00e9ticos y log\u00edstica. Est\u00e1 disponible en distintos acabados: <strong>mate<\/strong> para una apariencia sobria y escritura manual, <strong>brillante<\/strong> para una imagen m\u00e1s llamativa y repelencia a la suciedad, y <strong>semibrillante<\/strong> como opci\u00f3n intermedia. Su versatilidad lo convierte en una excelente soluci\u00f3n para aplicaciones donde se requiere una base blanca duradera y profesional.<\/p>\n<\/div><\/div><\/div>\n<\/div>\n\n\n\n<div class=\"guten-element guten-accordions guten-oRlaG3\">\n<div class=\"accordion-item guten-vEbFhG\"><div class=\"accordion-heading\"><div class=\"accordion-icon\"><span class=\"accordion-icon-open\"><i class=\"fas fa-minus\"><\/i><\/span><span class=\"accordion-icon-closed\"><i class=\"fas fa-plus\"><\/i><\/span><\/div><span class=\"accordion-text\">COUCH\u00c9<\/span><\/div><div class=\"accordion-body\"><div class=\"accordion-content\">\n<p>Papel recubierto de superficie lisa, utilizado com\u00fanmente para etiquetas blancas en productos de bajo costo o aplicaciones temporales. Es una opci\u00f3n econ\u00f3mica para productos envasados secos o con baja exposici\u00f3n a humedad. Aunque menos resistente que materiales pl\u00e1sticos, mantiene una apariencia blanca uniforme y profesional.<\/p>\n<\/div><\/div><\/div>\n<\/div>\n\n\n\n<div class=\"guten-element guten-accordions guten-GsGTKg\">\n<div class=\"accordion-item guten-RuTXRx\"><div class=\"accordion-heading\"><div class=\"accordion-icon\"><span class=\"accordion-icon-open\"><i class=\"fas fa-minus\"><\/i><\/span><span class=\"accordion-icon-closed\"><i class=\"fas fa-plus\"><\/i><\/span><\/div><span class=\"accordion-text\">T\u00c9RMICO DIRECTO<\/span><\/div><div class=\"accordion-body\"><div class=\"accordion-content\">\n<p>El papel t\u00e9rmico directo es un material especializado que reacciona al calor para crear im\u00e1genes sin necesidad de tinta ni cinta. Utilizado principalmente en impresoras t\u00e9rmicas directas, este tipo de papel es ideal para aplicaciones de bajo costo y corta duraci\u00f3n, como tickets, recibos, etiquetas de env\u00edo y pulseras identificativas. Su ventaja principal es que no requiere consumibles adicionales, lo que lo hace muy eficiente.<\/p>\n<\/div><\/div><\/div>\n<\/div>\n\n\n\n<div class=\"guten-element guten-accordions guten-dTNX6Y\">\n<div class=\"accordion-item guten-s5aqt0\"><div class=\"accordion-heading\"><div class=\"accordion-icon\"><span class=\"accordion-icon-open\"><i class=\"fas fa-minus\"><\/i><\/span><span class=\"accordion-icon-closed\"><i class=\"fas fa-plus\"><\/i><\/span><\/div><span class=\"accordion-text\">TRANSFERENCIA T\u00c9RMICA<\/span><\/div><div class=\"accordion-body\"><div class=\"accordion-content\">\n<p>Papel tratado para recibir impresi\u00f3n mediante ribbon, pero tambi\u00e9n muy usado como etiqueta blanca base en procesos donde el cliente imprime despu\u00e9s. Su superficie es resistente al frote y ofrece mayor durabilidad que el t\u00e9rmico directo. Perfecto para etiquetas de inventario, log\u00edstica y trazabilidad que requieren informaci\u00f3n personalizada posteriormente.<\/p>\n<\/div><\/div><\/div>\n<\/div>\n<\/div><\/div>\n\n\n\n<div class=\"wp-block-gutenverse-column guten-element guten-column guten-fAX1Q6\"><div class=\"guten-column-wrapper\" data-id=\"fAX1Q6\">\n<figure class=\"wp-block-image size-full is-resized\"><img loading=\"lazy\" decoding=\"async\" width=\"279\" height=\"279\" src=\"https:\/\/flexomarket.com.mx\/wp-content\/uploads\/2025\/05\/etiquetas-blancas-1.png\" alt=\"\" class=\"wp-image-732\" style=\"width:306px;height:auto\" srcset=\"https:\/\/flexomarket.com.mx\/wp-content\/uploads\/2025\/05\/etiquetas-blancas-1.png 279w, https:\/\/flexomarket.com.mx\/wp-content\/uploads\/2025\/05\/etiquetas-blancas-1-150x150.png 150w\" sizes=\"auto, (max-width: 279px) 100vw, 279px\" \/><\/figure>\n<\/div><\/div>\n<\/div><\/section><\/div>\n<\/div><\/div>\n<\/div><\/section><\/div>\n\n\n\n<div class=\"section-wrapper\" data-id=\"pivkiu\"><section class=\"wp-block-gutenverse-section guten-element guten-section guten-pivkiu layout-fullwidth align-stretch\"><div class=\"guten-container guten-column-gap-default\">\n<div class=\"wp-block-gutenverse-column guten-element guten-column guten-Mdoj2p\"><div class=\"guten-column-wrapper\" data-id=\"Mdoj2p\">\n<h2 class=\"wp-block-gutenverse-heading guten-element guten-pfWKR2\"><strong><strong>ACABADOS<\/strong><\/strong><\/h2>\n\n\n\n<h5 class=\"wp-block-gutenverse-heading guten-element guten-6r5EPM\">En Flexo Market de M\u00e9xico, ofrecemos acabados profesionales de alta calidad que no solo realzan la apariencia de tus etiquetas, <br>sino que tambi\u00e9n aportan protecci\u00f3n, resistencia y funcionalidad seg\u00fan tus necesidades. Nuestra l\u00ednea de acabados garantiza <br>resultados duraderos, est\u00e9ticos y adecuados para todo tipo de industria.<\/h5>\n<\/div><\/div>\n<\/div><\/section><\/div>\n\n\n\n<div class=\"section-wrapper\" data-id=\"TzNBRC\"><section class=\"wp-block-gutenverse-section guten-element guten-section guten-TzNBRC layout-fullwidth align-stretch\"><div class=\"guten-container guten-column-gap-default\">\n<div class=\"wp-block-gutenverse-column guten-element guten-column guten-Zl4VN5\"><div class=\"guten-column-wrapper\" data-id=\"Zl4VN5\">\n<div class=\"section-wrapper\" data-id=\"rqMj4f\"><section class=\"wp-block-gutenverse-section guten-element guten-section guten-rqMj4f layout-boxed align-stretch\"><div class=\"guten-container guten-column-gap-default\">\n<div class=\"wp-block-gutenverse-column guten-element guten-column guten-thD4LR\"><div class=\"guten-column-wrapper\" data-id=\"thD4LR\">\n<figure class=\"wp-block-image size-large is-resized\"><img decoding=\"async\" src=\"https:\/\/flexomarket.com.mx\/wp-content\/uploads\/2025\/05\/acabados.png\" alt=\"\" style=\"width:350px\"\/><\/figure>\n<\/div><\/div>\n\n\n\n<div class=\"wp-block-gutenverse-column guten-element guten-column guten-nHLmS9\"><div class=\"guten-column-wrapper\" data-id=\"nHLmS9\">\n<div class=\"guten-element guten-accordions guten-IJMotq\">\n<div class=\"accordion-item guten-yUELSd\"><div class=\"accordion-heading\"><div class=\"accordion-icon\"><span class=\"accordion-icon-open\"><i class=\"fas fa-minus\"><\/i><\/span><span class=\"accordion-icon-closed\"><i class=\"fas fa-plus\"><\/i><\/span><\/div><span class=\"accordion-text\">BARNIZ UV<\/span><\/div><div class=\"accordion-body\"><div class=\"accordion-content\">\n<p>Un acabado brillante que resalta colores y detalles. Se aplica con luz ultravioleta, creando una capa protectora que mejora la apariencia y resistencia de la etiqueta.<\/p>\n\n\n\n<p>&#8211;<strong>Beneficios: <\/strong>Realce visual, mayor resistencia a rayones y humedad.<\/p>\n\n\n\n<p>&#8211;<strong>Aplicaciones comunes: <\/strong>Productos cosm\u00e9ticos, alimentos y bebidas.<\/p>\n<\/div><\/div><\/div>\n<\/div>\n\n\n\n<div class=\"guten-element guten-accordions guten-nOdpCg\">\n<div class=\"accordion-item guten-jzJuKt\"><div class=\"accordion-heading\"><div class=\"accordion-icon\"><span class=\"accordion-icon-open\"><i class=\"fas fa-minus\"><\/i><\/span><span class=\"accordion-icon-closed\"><i class=\"fas fa-plus\"><\/i><\/span><\/div><span class=\"accordion-text\">BARNIZ MATE<\/span><\/div><div class=\"accordion-body\"><div class=\"accordion-content\">\n<p>Ofrece un acabado suave y elegante, sin brillo. Ideal para marcas que buscan una imagen m\u00e1s sobria o sofisticada.<\/p>\n\n\n\n<p>&#8211;<strong>Beneficios: <\/strong>Apariencia premium, reduce reflejos, buena legibilidad.<\/p>\n\n\n\n<p>&#8211;<strong>Aplicaciones comunes: <\/strong>Acabado recomendado para&nbsp; etiquetas de productos gourmet, farmac\u00e9uticos o de cuidado personal.<\/p>\n<\/div><\/div><\/div>\n<\/div>\n\n\n\n<div class=\"guten-element guten-accordions guten-mocz6v\">\n<div class=\"accordion-item guten-yheWSs\"><div class=\"accordion-heading\"><div class=\"accordion-icon\"><span class=\"accordion-icon-open\"><i class=\"fas fa-minus\"><\/i><\/span><span class=\"accordion-icon-closed\"><i class=\"fas fa-plus\"><\/i><\/span><\/div><span class=\"accordion-text\">LAMINADO PL\u00c1STICO<\/span><\/div><div class=\"accordion-body\"><div class=\"accordion-content\">\n<p>Capa protectora de film pl\u00e1stico que sella completamente la etiqueta. Disponible en acabado brillante o mate.<br><strong>Beneficios:<\/strong> M\u00e1xima durabilidad, protecci\u00f3n contra agua, qu\u00edmicos, abrasi\u00f3n y refrigeraci\u00f3n.<br><strong>Aplicaciones comunes:<\/strong> Productos expuestos a fricci\u00f3n, refrigeraci\u00f3n o ambientes h\u00famedos, como alimentos, limpieza o industrial.<\/p>\n<\/div><\/div><\/div>\n<\/div>\n<\/div><\/div>\n<\/div><\/section><\/div>\n<\/div><\/div>\n<\/div><\/section><\/div>\n","protected":false},"excerpt":{"rendered":"","protected":false},"author":1,"featured_media":0,"parent":0,"menu_order":0,"comment_status":"closed","ping_status":"closed","template":"wp-custom-template-materiales-general","meta":{"footnotes":""},"class_list":["post-255","page","type-page","status-publish","hentry"],"_links":{"self":[{"href":"https:\/\/flexomarket.com.mx\/index.php\/wp-json\/wp\/v2\/pages\/255","targetHints":{"allow":["GET"]}}],"collection":[{"href":"https:\/\/flexomarket.com.mx\/index.php\/wp-json\/wp\/v2\/pages"}],"about":[{"href":"https:\/\/flexomarket.com.mx\/index.php\/wp-json\/wp\/v2\/types\/page"}],"author":[{"embeddable":true,"href":"https:\/\/flexomarket.com.mx\/index.php\/wp-json\/wp\/v2\/users\/1"}],"replies":[{"embeddable":true,"href":"https:\/\/flexomarket.com.mx\/index.php\/wp-json\/wp\/v2\/comments?post=255"}],"version-history":[{"count":56,"href":"https:\/\/flexomarket.com.mx\/index.php\/wp-json\/wp\/v2\/pages\/255\/revisions"}],"predecessor-version":[{"id":843,"href":"https:\/\/flexomarket.com.mx\/index.php\/wp-json\/wp\/v2\/pages\/255\/revisions\/843"}],"wp:attachment":[{"href":"https:\/\/flexomarket.com.mx\/index.php\/wp-json\/wp\/v2\/media?parent=255"}],"curies":[{"name":"wp","href":"https:\/\/api.w.org\/{rel}","templated":true}]}}