{"id":414,"date":"2025-05-18T01:36:18","date_gmt":"2025-05-18T01:36:18","guid":{"rendered":"https:\/\/flexomarket.com.mx\/nuevo\/?page_id=414"},"modified":"2025-06-12T17:32:06","modified_gmt":"2025-06-12T17:32:06","slug":"etiquetas-blancas","status":"publish","type":"page","link":"https:\/\/flexomarket.com.mx\/index.php\/etiquetas-blancas\/","title":{"rendered":"Etiquetas blancas"},"content":{"rendered":"\n<div class=\"section-wrapper\" data-id=\"BUzQHB\"><section class=\"wp-block-gutenverse-section guten-element guten-section guten-BUzQHB layout-fullwidth align-stretch\"><div class=\"guten-container guten-column-gap-default\">\n<div class=\"wp-block-gutenverse-column guten-element guten-column guten-rLSRnR\"><div class=\"guten-column-wrapper\" data-id=\"rLSRnR\">\n<h2 class=\"wp-block-gutenverse-heading guten-element guten-Hh5B9e\"><strong><strong>ETIQUETAS BLANCAS<\/strong><\/strong><\/h2>\n\n\n\n<h5 class=\"wp-block-gutenverse-heading guten-element guten-N1fVbQ\">Nuestras etiquetas blancas ofrecen una base neutra y vers\u00e1til para una amplia<br>gama de aplicaciones y materiales, desde etiquetado de productos hasta<br>identificaci\u00f3n de env\u00edos.<\/h5>\n\n\n\n<div class=\"section-wrapper\" data-id=\"vwyFsA\"><section class=\"wp-block-gutenverse-section guten-element guten-section guten-vwyFsA layout-boxed align-stretch\"><div class=\"guten-container guten-column-gap-default\">\n<div class=\"wp-block-gutenverse-column guten-element guten-column guten-lzCUts\"><div class=\"guten-column-wrapper\" data-id=\"lzCUts\">\n<h4 class=\"wp-block-heading has-theme-1-color has-text-color has-link-color wp-elements-4dcad406f6d0409280141706f9cc7803\" style=\"font-style:normal;font-weight:100\">MATERIALES CON Y SIN ADHESIVO<\/h4>\n\n\n\n<div class=\"guten-element guten-accordions guten-QRLv6A\">\n<div class=\"accordion-item guten-gES9RQ\"><div class=\"accordion-heading\"><div class=\"accordion-icon\"><span class=\"accordion-icon-open\"><i class=\"fas fa-minus\"><\/i><\/span><span class=\"accordion-icon-closed\"><i class=\"fas fa-plus\"><\/i><\/span><\/div><span class=\"accordion-text\">BOPP BLANCO<\/span><\/div><div class=\"accordion-body\"><div class=\"accordion-content\">\n<p>Pel\u00edcula pl\u00e1stica altamente resistente, ideal para etiquetas blancas sin impresi\u00f3n que requieren durabilidad y buena presentaci\u00f3n. Es impermeable, soporta el contacto con productos qu\u00edmicos, y resiste el desgarro, lo que lo hace apto para industrias como alimentos, limpieza, cosm\u00e9ticos y log\u00edstica. Est\u00e1 disponible en distintos acabados: <strong>mate<\/strong> para una apariencia sobria y escritura manual, <strong>brillante<\/strong> para una imagen m\u00e1s llamativa y repelencia a la suciedad, y <strong>semibrillante<\/strong> como opci\u00f3n intermedia. Su versatilidad lo convierte en una excelente soluci\u00f3n para aplicaciones donde se requiere una base blanca duradera y profesional.<\/p>\n<\/div><\/div><\/div>\n<\/div>\n\n\n\n<div class=\"guten-element guten-accordions guten-oRlaG3\">\n<div class=\"accordion-item guten-vEbFhG\"><div class=\"accordion-heading\"><div class=\"accordion-icon\"><span class=\"accordion-icon-open\"><i class=\"fas fa-minus\"><\/i><\/span><span class=\"accordion-icon-closed\"><i class=\"fas fa-plus\"><\/i><\/span><\/div><span class=\"accordion-text\">COUCH\u00c9<\/span><\/div><div class=\"accordion-body\"><div class=\"accordion-content\">\n<p>Papel recubierto de superficie lisa, utilizado com\u00fanmente para etiquetas blancas en productos de bajo costo o aplicaciones temporales. Es una opci\u00f3n econ\u00f3mica para productos envasados secos o con baja exposici\u00f3n a humedad. Aunque menos resistente que materiales pl\u00e1sticos, mantiene una apariencia blanca uniforme y profesional.<\/p>\n<\/div><\/div><\/div>\n<\/div>\n\n\n\n<div class=\"guten-element guten-accordions guten-GsGTKg\">\n<div class=\"accordion-item guten-RuTXRx\"><div class=\"accordion-heading\"><div class=\"accordion-icon\"><span class=\"accordion-icon-open\"><i class=\"fas fa-minus\"><\/i><\/span><span class=\"accordion-icon-closed\"><i class=\"fas fa-plus\"><\/i><\/span><\/div><span class=\"accordion-text\">T\u00c9RMICO DIRECTO<\/span><\/div><div class=\"accordion-body\"><div class=\"accordion-content\">\n<p>El papel t\u00e9rmico directo es un material especializado que reacciona al calor para crear im\u00e1genes sin necesidad de tinta ni cinta. Utilizado principalmente en impresoras t\u00e9rmicas directas, este tipo de papel es ideal para aplicaciones de bajo costo y corta duraci\u00f3n, como tickets, recibos, etiquetas de env\u00edo y pulseras identificativas. Su ventaja principal es que no requiere consumibles adicionales, lo que lo hace muy eficiente.<\/p>\n<\/div><\/div><\/div>\n<\/div>\n\n\n\n<div class=\"guten-element guten-accordions guten-dTNX6Y\">\n<div class=\"accordion-item guten-s5aqt0\"><div class=\"accordion-heading\"><div class=\"accordion-icon\"><span class=\"accordion-icon-open\"><i class=\"fas fa-minus\"><\/i><\/span><span class=\"accordion-icon-closed\"><i class=\"fas fa-plus\"><\/i><\/span><\/div><span class=\"accordion-text\">TRANSFERENCIA T\u00c9RMICA<\/span><\/div><div class=\"accordion-body\"><div class=\"accordion-content\">\n<p>Papel tratado para recibir impresi\u00f3n mediante ribbon, pero tambi\u00e9n muy usado como etiqueta blanca base en procesos donde el cliente imprime despu\u00e9s. Su superficie es resistente al frote y ofrece mayor durabilidad que el t\u00e9rmico directo. Perfecto para etiquetas de inventario, log\u00edstica y trazabilidad que requieren informaci\u00f3n personalizada posteriormente.<\/p>\n<\/div><\/div><\/div>\n<\/div>\n<\/div><\/div>\n\n\n\n<div class=\"wp-block-gutenverse-column guten-element guten-column guten-fAX1Q6\"><div class=\"guten-column-wrapper\" data-id=\"fAX1Q6\">\n<figure class=\"wp-block-image size-full is-resized\"><img loading=\"lazy\" decoding=\"async\" width=\"279\" height=\"279\" src=\"https:\/\/flexomarket.com.mx\/wp-content\/uploads\/2025\/05\/etiquetas-blancas-1.png\" alt=\"\" class=\"wp-image-732\" style=\"width:349px\" srcset=\"https:\/\/flexomarket.com.mx\/wp-content\/uploads\/2025\/05\/etiquetas-blancas-1.png 279w, https:\/\/flexomarket.com.mx\/wp-content\/uploads\/2025\/05\/etiquetas-blancas-1-150x150.png 150w\" sizes=\"auto, (max-width: 279px) 100vw, 279px\" \/><\/figure>\n<\/div><\/div>\n<\/div><\/section><\/div>\n<\/div><\/div>\n<\/div><\/section><\/div>\n","protected":false},"excerpt":{"rendered":"","protected":false},"author":1,"featured_media":0,"parent":0,"menu_order":0,"comment_status":"closed","ping_status":"closed","template":"wp-custom-template-materiales-general","meta":{"footnotes":""},"class_list":["post-414","page","type-page","status-publish","hentry"],"_links":{"self":[{"href":"https:\/\/flexomarket.com.mx\/index.php\/wp-json\/wp\/v2\/pages\/414","targetHints":{"allow":["GET"]}}],"collection":[{"href":"https:\/\/flexomarket.com.mx\/index.php\/wp-json\/wp\/v2\/pages"}],"about":[{"href":"https:\/\/flexomarket.com.mx\/index.php\/wp-json\/wp\/v2\/types\/page"}],"author":[{"embeddable":true,"href":"https:\/\/flexomarket.com.mx\/index.php\/wp-json\/wp\/v2\/users\/1"}],"replies":[{"embeddable":true,"href":"https:\/\/flexomarket.com.mx\/index.php\/wp-json\/wp\/v2\/comments?post=414"}],"version-history":[{"count":12,"href":"https:\/\/flexomarket.com.mx\/index.php\/wp-json\/wp\/v2\/pages\/414\/revisions"}],"predecessor-version":[{"id":837,"href":"https:\/\/flexomarket.com.mx\/index.php\/wp-json\/wp\/v2\/pages\/414\/revisions\/837"}],"wp:attachment":[{"href":"https:\/\/flexomarket.com.mx\/index.php\/wp-json\/wp\/v2\/media?parent=414"}],"curies":[{"name":"wp","href":"https:\/\/api.w.org\/{rel}","templated":true}]}}