{"id":420,"date":"2025-05-18T01:49:01","date_gmt":"2025-05-18T01:49:01","guid":{"rendered":"https:\/\/flexomarket.com.mx\/nuevo\/?page_id=420"},"modified":"2025-06-03T02:23:06","modified_gmt":"2025-06-03T02:23:06","slug":"acabados","status":"publish","type":"page","link":"https:\/\/flexomarket.com.mx\/index.php\/acabados\/","title":{"rendered":"Acabados"},"content":{"rendered":"\n<div class=\"section-wrapper\" data-id=\"pivkiu\"><section class=\"wp-block-gutenverse-section guten-element guten-section guten-pivkiu layout-fullwidth align-stretch\"><div class=\"guten-container guten-column-gap-default\">\n<div class=\"wp-block-gutenverse-column guten-element guten-column guten-Mdoj2p\"><div class=\"guten-column-wrapper\" data-id=\"Mdoj2p\">\n<h2 class=\"wp-block-gutenverse-heading guten-element guten-Hh5B9e\"><strong><strong>ACABADOS<\/strong><\/strong><\/h2>\n\n\n\n<h5 class=\"wp-block-gutenverse-heading guten-element guten-N1fVbQ\">En Flexo Market ofrecemos acabados profesionales de alta calidad que no solo realzan la apariencia de tus etiquetas, <br>sino que tambi\u00e9n aportan protecci\u00f3n, resistencia y funcionalidad seg\u00fan tus necesidades. Nuestra l\u00ednea de acabados garantiza <br>resultados duraderos, est\u00e9ticos y adecuados para todo tipo de industria.<\/h5>\n<\/div><\/div>\n<\/div><\/section><\/div>\n\n\n\n<div class=\"section-wrapper\" data-id=\"BUzQHB\"><section class=\"wp-block-gutenverse-section guten-element guten-section guten-BUzQHB layout-fullwidth align-stretch\"><div class=\"guten-container guten-column-gap-default\">\n<div class=\"wp-block-gutenverse-column guten-element guten-column guten-rLSRnR\"><div class=\"guten-column-wrapper\" data-id=\"rLSRnR\">\n<div class=\"section-wrapper\" data-id=\"rqMj4f\"><section class=\"wp-block-gutenverse-section guten-element guten-section guten-rqMj4f layout-boxed align-stretch\"><div class=\"guten-container guten-column-gap-default\">\n<div class=\"wp-block-gutenverse-column guten-element guten-column guten-thD4LR\"><div class=\"guten-column-wrapper\" data-id=\"thD4LR\">\n<figure class=\"wp-block-image size-large is-resized\"><img decoding=\"async\" src=\"https:\/\/flexomarket.com.mx\/wp-content\/uploads\/2025\/05\/acabados.png\" alt=\"\" style=\"width:549px\"\/><\/figure>\n<\/div><\/div>\n\n\n\n<div class=\"wp-block-gutenverse-column guten-element guten-column guten-nHLmS9\"><div class=\"guten-column-wrapper\" data-id=\"nHLmS9\">\n<div class=\"guten-element guten-accordions guten-IJMotq\">\n<div class=\"accordion-item guten-yUELSd\"><div class=\"accordion-heading\"><div class=\"accordion-icon\"><span class=\"accordion-icon-open\"><i class=\"fas fa-minus\"><\/i><\/span><span class=\"accordion-icon-closed\"><i class=\"fas fa-plus\"><\/i><\/span><\/div><span class=\"accordion-text\">BARNIZ UV<\/span><\/div><div class=\"accordion-body\"><div class=\"accordion-content\">\n<p>Un acabado brillante que resalta colores y detalles. Se aplica con luz ultravioleta, creando una capa protectora que mejora la apariencia y resistencia de la etiqueta.<\/p>\n\n\n\n<p>&#8211;<strong>Beneficios: <\/strong>Realce visual, mayor resistencia a rayones y humedad.<\/p>\n\n\n\n<p>&#8211;<strong>Aplicaciones comunes: <\/strong>Productos cosm\u00e9ticos, alimentos y bebidas.<\/p>\n<\/div><\/div><\/div>\n<\/div>\n\n\n\n<div class=\"guten-element guten-accordions guten-nOdpCg\">\n<div class=\"accordion-item guten-jzJuKt\"><div class=\"accordion-heading\"><div class=\"accordion-icon\"><span class=\"accordion-icon-open\"><i class=\"fas fa-minus\"><\/i><\/span><span class=\"accordion-icon-closed\"><i class=\"fas fa-plus\"><\/i><\/span><\/div><span class=\"accordion-text\">BARNIZ MATE<\/span><\/div><div class=\"accordion-body\"><div class=\"accordion-content\">\n<p>Ofrece un acabado suave y elegante, sin brillo. Ideal para marcas que buscan una imagen m\u00e1s sobria o sofisticada.<\/p>\n\n\n\n<p>&#8211;<strong>Beneficios: <\/strong>Apariencia premium, reduce reflejos, buena legibilidad.<\/p>\n\n\n\n<p>&#8211;<strong>Aplicaciones comunes: <\/strong>Acabado recomendado para&nbsp; etiquetas de productos gourmet, farmac\u00e9uticos o de cuidado personal.<\/p>\n<\/div><\/div><\/div>\n<\/div>\n\n\n\n<div class=\"guten-element guten-accordions guten-mocz6v\">\n<div class=\"accordion-item guten-yheWSs\"><div class=\"accordion-heading\"><div class=\"accordion-icon\"><span class=\"accordion-icon-open\"><i class=\"fas fa-minus\"><\/i><\/span><span class=\"accordion-icon-closed\"><i class=\"fas fa-plus\"><\/i><\/span><\/div><span class=\"accordion-text\">LAMINADO PL\u00c1STICO<\/span><\/div><div class=\"accordion-body\"><div class=\"accordion-content\">\n<p>Capa protectora de film pl\u00e1stico que sella completamente la etiqueta. Disponible en acabado brillante o mate.<br><strong>Beneficios:<\/strong> M\u00e1xima durabilidad, protecci\u00f3n contra agua, qu\u00edmicos, abrasi\u00f3n y refrigeraci\u00f3n.<br><strong>Aplicaciones comunes:<\/strong> Productos expuestos a fricci\u00f3n, refrigeraci\u00f3n o ambientes h\u00famedos, como alimentos, limpieza o industrial.<\/p>\n<\/div><\/div><\/div>\n<\/div>\n<\/div><\/div>\n<\/div><\/section><\/div>\n<\/div><\/div>\n<\/div><\/section><\/div>\n","protected":false},"excerpt":{"rendered":"","protected":false},"author":1,"featured_media":0,"parent":0,"menu_order":0,"comment_status":"closed","ping_status":"closed","template":"wp-custom-template-materiales-general","meta":{"footnotes":""},"class_list":["post-420","page","type-page","status-publish","hentry"],"_links":{"self":[{"href":"https:\/\/flexomarket.com.mx\/index.php\/wp-json\/wp\/v2\/pages\/420","targetHints":{"allow":["GET"]}}],"collection":[{"href":"https:\/\/flexomarket.com.mx\/index.php\/wp-json\/wp\/v2\/pages"}],"about":[{"href":"https:\/\/flexomarket.com.mx\/index.php\/wp-json\/wp\/v2\/types\/page"}],"author":[{"embeddable":true,"href":"https:\/\/flexomarket.com.mx\/index.php\/wp-json\/wp\/v2\/users\/1"}],"replies":[{"embeddable":true,"href":"https:\/\/flexomarket.com.mx\/index.php\/wp-json\/wp\/v2\/comments?post=420"}],"version-history":[{"count":9,"href":"https:\/\/flexomarket.com.mx\/index.php\/wp-json\/wp\/v2\/pages\/420\/revisions"}],"predecessor-version":[{"id":819,"href":"https:\/\/flexomarket.com.mx\/index.php\/wp-json\/wp\/v2\/pages\/420\/revisions\/819"}],"wp:attachment":[{"href":"https:\/\/flexomarket.com.mx\/index.php\/wp-json\/wp\/v2\/media?parent=420"}],"curies":[{"name":"wp","href":"https:\/\/api.w.org\/{rel}","templated":true}]}}