{"id":438,"date":"2025-05-18T02:22:29","date_gmt":"2025-05-18T02:22:29","guid":{"rendered":"https:\/\/flexomarket.com.mx\/nuevo\/?page_id=438"},"modified":"2025-06-03T02:22:21","modified_gmt":"2025-06-03T02:22:21","slug":"playo","status":"publish","type":"page","link":"https:\/\/flexomarket.com.mx\/index.php\/playo\/","title":{"rendered":"Playo"},"content":{"rendered":"\n<div class=\"section-wrapper\" data-id=\"BUzQHB\"><section class=\"wp-block-gutenverse-section guten-element guten-section guten-BUzQHB layout-fullwidth align-stretch\"><div class=\"guten-container guten-column-gap-default\">\n<div class=\"wp-block-gutenverse-column guten-element guten-column guten-rLSRnR\"><div class=\"guten-column-wrapper\" data-id=\"rLSRnR\">\n<h5 class=\"wp-block-gutenverse-heading guten-element guten-N1fVbQ animated guten-element-hide desktop-fadeInUp\">En Flexo Market te ofrecemos pel\u00edculas stretch fabricadas con resinas de polietileno de alto rendimiento, <br>ideales para envolver y estabilizar tarimas de forma econ\u00f3mica, pr\u00e1ctica y segura. <br>Optimiza tu log\u00edstica con un material resistente, confiable y f\u00e1cil de usar.<\/h5>\n\n\n\n<div class=\"section-wrapper\" data-id=\"2ZBPsB\"><section class=\"wp-block-gutenverse-section guten-element guten-section guten-2ZBPsB layout-boxed align-stretch\"><div class=\"guten-container guten-column-gap-default\">\n<div class=\"wp-block-gutenverse-column guten-element guten-column guten-ZHZouz\"><div class=\"guten-column-wrapper\" data-id=\"ZHZouz\">\n<figure class=\"wp-block-image size-full is-resized\"><img loading=\"lazy\" decoding=\"async\" width=\"500\" height=\"500\" src=\"https:\/\/flexomarket.com.mx\/wp-content\/uploads\/2025\/05\/playo.jpg\" alt=\"\" class=\"wp-image-747\" style=\"width:411px;height:auto\" srcset=\"https:\/\/flexomarket.com.mx\/wp-content\/uploads\/2025\/05\/playo.jpg 500w, https:\/\/flexomarket.com.mx\/wp-content\/uploads\/2025\/05\/playo-300x300.jpg 300w, https:\/\/flexomarket.com.mx\/wp-content\/uploads\/2025\/05\/playo-150x150.jpg 150w\" sizes=\"auto, (max-width: 500px) 100vw, 500px\" \/><\/figure>\n<\/div><\/div>\n\n\n\n<div class=\"wp-block-gutenverse-column guten-element guten-column guten-ba4oUr\"><div class=\"guten-column-wrapper\" data-id=\"ba4oUr\">\n<div class=\"guten-element guten-accordions guten-US1a9N\">\n<div class=\"accordion-item guten-l5tHQt\"><div class=\"accordion-heading\"><div class=\"accordion-icon\"><span class=\"accordion-icon-open\"><i class=\"fas fa-minus\"><\/i><\/span><span class=\"accordion-icon-closed\"><i class=\"fas fa-plus\"><\/i><\/span><\/div><span class=\"accordion-text\">PELICULA STRETCH MANUAL<\/span><\/div><div class=\"accordion-body\"><div class=\"accordion-content\">\n<p>Fabricada con Polietileno Lineal de Baja Densidad, nuestra pel\u00edcula stretch est\u00e1 dise\u00f1ada para envolver y estabilizar tarimas de forma eficiente.<\/p>\n\n\n\n<p>Ofrece excelente elongaci\u00f3n, alta resistencia al rasgado y gran transparencia, lo que permite proteger tus productos durante el transporte y almacenamiento de manera econ\u00f3mica, pr\u00e1ctica y segura.<\/p>\n<\/div><\/div><\/div>\n<\/div>\n\n\n\n<div class=\"guten-element guten-accordions guten-okymdD\">\n<div class=\"accordion-item guten-cuMTib\"><div class=\"accordion-heading\"><div class=\"accordion-icon\"><span class=\"accordion-icon-open\"><i class=\"fas fa-minus\"><\/i><\/span><span class=\"accordion-icon-closed\"><i class=\"fas fa-plus\"><\/i><\/span><\/div><span class=\"accordion-text\">PELICULA STRETCH AUTOM\u00c1TICA<\/span><\/div><div class=\"accordion-body\"><div class=\"accordion-content\">\n<p>Dise\u00f1ada espec\u00edficamente para m\u00e1quinas de envoltura autom\u00e1tica, esta pel\u00edcula permite un mayor aprovechamiento del material, optimizando el rendimiento del stretch.<\/p>\n\n\n\n<p>Adem\u00e1s, contribuye a reducir tiempos operativos y mejorar la eficiencia en el proceso de emplayado.<\/p>\n<\/div><\/div><\/div>\n<\/div>\n\n\n\n<div class=\"guten-element guten-accordions guten-OMxo8Z\">\n<div class=\"accordion-item guten-5N4KEc\"><div class=\"accordion-heading\"><div class=\"accordion-icon\"><span class=\"accordion-icon-open\"><i class=\"fas fa-minus\"><\/i><\/span><span class=\"accordion-icon-closed\"><i class=\"fas fa-plus\"><\/i><\/span><\/div><span class=\"accordion-text\">PELICULA PRE-ESTIRADA<\/span><\/div><div class=\"accordion-body\"><div class=\"accordion-content\">\n<p>La pel\u00edcula pre-estirada ofrece el mayor rendimiento y el costo m\u00e1s bajo por unidad envuelta. Permite obtener los beneficios de una m\u00e1quina autom\u00e1tica, incluso en aplicaciones manuales, haciendo m\u00e1s eficiente el proceso de emplayado sin comprometer la calidad.<\/p>\n<\/div><\/div><\/div>\n<\/div>\n\n\n\n<div class=\"guten-element guten-accordions guten-ZO7l4e\">\n<div class=\"accordion-item guten-NkbS5X\"><div class=\"accordion-heading\"><div class=\"accordion-icon\"><span class=\"accordion-icon-open\"><i class=\"fas fa-minus\"><\/i><\/span><span class=\"accordion-icon-closed\"><i class=\"fas fa-plus\"><\/i><\/span><\/div><span class=\"accordion-text\">PEL\u00cdCULA DE REFUERZO<\/span><\/div><div class=\"accordion-body\"><div class=\"accordion-content\">\n<p>Este tipo de pel\u00edcula estirable cuenta con un refuerzo lineal que le proporciona mayor resistencia, ideal para embalar productos que requieren una sujeci\u00f3n m\u00e1s firme y segura durante el transporte o almacenamiento.<\/p>\n<\/div><\/div><\/div>\n<\/div>\n\n\n\n<div class=\"guten-element guten-accordions guten-4a8l7m\">\n<div class=\"accordion-item guten-ZuJkI7\"><div class=\"accordion-heading\"><div class=\"accordion-icon\"><span class=\"accordion-icon-open\"><i class=\"fas fa-minus\"><\/i><\/span><span class=\"accordion-icon-closed\"><i class=\"fas fa-plus\"><\/i><\/span><\/div><span class=\"accordion-text\">PELICULA STRETCH MANUAL DE COLOR<\/span><\/div><div class=\"accordion-body\"><div class=\"accordion-content\">\n<p>Ideal para la clasificaci\u00f3n de materiales y mejorar la visibilidad durante el traslado, la pel\u00edcula stretch de colores permite identificar productos f\u00e1cilmente y reforzar la seguridad en el manejo log\u00edstico.<\/p>\n\n\n\n<p><strong>Colores disponibles:<\/strong><br>Amarillo<br>Verde<br>Azul<br>Naranja<br>Rojo<br>Negro<\/p>\n<\/div><\/div><\/div>\n<\/div>\n\n\n\n<div class=\"guten-element gutenverse-text-editor guten-A0lt4n\"><div class=\"text-content-inner\"><\/div><\/div>\n\n\n\n<h2 class=\"wp-block-heading has-theme-0-color has-text-color has-link-color has-large-font-size wp-elements-97ac4c08937907bfb1ddc69af28630ee\"><br>Pedido m\u00ednimo: 100 unidades<\/h2>\n<\/div><\/div>\n<\/div><\/section><\/div>\n<\/div><\/div>\n<\/div><\/section><\/div>\n\n\n\n<div class=\"section-wrapper\" data-id=\"tfowjf\"><section class=\"wp-block-gutenverse-section guten-element guten-section guten-tfowjf layout-boxed align-stretch\"><div class=\"guten-container guten-column-gap-default\">\n<div class=\"wp-block-gutenverse-column guten-element guten-column guten-vjoG64\"><div class=\"guten-column-wrapper\" data-id=\"vjoG64\">\n<h4 class=\"wp-block-gutenverse-heading guten-element guten-esrTq4\">PEL\u00cdCULA STRETCH MANUAL<\/h4>\n\n\n\n<figure class=\"wp-block-table is-style-stripes\"><table class=\"has-theme-0-color has-text-color has-link-color has-border-color has-theme-0-border-color has-fixed-layout\"><thead><tr><th>Peso<\/th><th>Ancho<\/th><th>Calibre<\/th><th>Longitud<\/th><\/tr><\/thead><tbody><tr><td>3.8 kg<\/td><td>20\u201d<\/td><td>80<\/td><td>1,200 pies<\/td><\/tr><tr><td>3.5 kg<\/td><td>20\u201d<\/td><td>80<\/td><td>1,050 pies<\/td><\/tr><tr><td>3.3 kg<\/td><td>20\u201d<\/td><td>80<\/td><td>1,000 pies<\/td><\/tr><tr><td>3.5 kg<\/td><td>18\u201d<\/td><td>80<\/td><td>1,200 pies<\/td><\/tr><tr><td>3.0 kg<\/td><td>18\u201d<\/td><td>80<\/td><td>1,000 pies<\/td><\/tr><tr><td>3.0 kg<\/td><td>18\u201d<\/td><td>70<\/td><td>1,200 pies<\/td><\/tr><tr><td>2.6 kg<\/td><td>18\u201d<\/td><td>70<\/td><td>1,000 pies<\/td><\/tr><tr><td>2.6 kg<\/td><td>18\u201d<\/td><td>60<\/td><td>1,200 pies<\/td><\/tr><tr><td>2.3 kg<\/td><td>18\u201d<\/td><td>60<\/td><td>1,000 pies<\/td><\/tr><tr><td>2.3 kg<\/td><td>18\u201d<\/td><td>50<\/td><td>1,200 pies<\/td><\/tr><tr><td>2.0 kg<\/td><td>18\u201d<\/td><td>50<\/td><td>1,000 pies<\/td><\/tr><tr><td>1.6 kg<\/td><td>18\u201d<\/td><td>50<\/td><td>800 pies<\/td><\/tr><tr><td>700 g<\/td><td>5\u201d<\/td><td>80<\/td><td>&nbsp;<\/td><\/tr><\/tbody><\/table><\/figure>\n<\/div><\/div>\n\n\n\n<div class=\"wp-block-gutenverse-column guten-element guten-column guten-BNEomz\"><div class=\"guten-column-wrapper\" data-id=\"BNEomz\">\n<h4 class=\"wp-block-gutenverse-heading guten-element guten-XkVsTI\">PEL\u00cdCULA STRETCH AUTOM\u00c1TICA<\/h4>\n\n\n\n<figure class=\"wp-block-table is-style-stripes\"><table class=\"has-theme-0-color has-text-color has-link-color has-border-color has-theme-0-border-color has-fixed-layout\"><thead><tr><th>Peso<\/th><th>Ancho<\/th><th>Calibre<\/th><th>Longitud<\/th><\/tr><\/thead><tbody><tr><td>13.9 kg<\/td><td>20\u201d<\/td><td>80<\/td><td>4,500 pies<\/td><\/tr><tr><td>10.5 kg<\/td><td>20\u201d<\/td><td>70<\/td><td>3,800 pies<\/td><\/tr><tr><td>9.0 kg<\/td><td>20\u201d<\/td><td>60<\/td><td>3,800 pies<\/td><\/tr><\/tbody><\/table><\/figure>\n<\/div><\/div>\n<\/div><\/section><\/div>\n","protected":false},"excerpt":{"rendered":"","protected":false},"author":1,"featured_media":0,"parent":0,"menu_order":0,"comment_status":"closed","ping_status":"closed","template":"wp-custom-template-productos-fleximarket","meta":{"footnotes":""},"class_list":["post-438","page","type-page","status-publish","hentry"],"_links":{"self":[{"href":"https:\/\/flexomarket.com.mx\/index.php\/wp-json\/wp\/v2\/pages\/438","targetHints":{"allow":["GET"]}}],"collection":[{"href":"https:\/\/flexomarket.com.mx\/index.php\/wp-json\/wp\/v2\/pages"}],"about":[{"href":"https:\/\/flexomarket.com.mx\/index.php\/wp-json\/wp\/v2\/types\/page"}],"author":[{"embeddable":true,"href":"https:\/\/flexomarket.com.mx\/index.php\/wp-json\/wp\/v2\/users\/1"}],"replies":[{"embeddable":true,"href":"https:\/\/flexomarket.com.mx\/index.php\/wp-json\/wp\/v2\/comments?post=438"}],"version-history":[{"count":12,"href":"https:\/\/flexomarket.com.mx\/index.php\/wp-json\/wp\/v2\/pages\/438\/revisions"}],"predecessor-version":[{"id":818,"href":"https:\/\/flexomarket.com.mx\/index.php\/wp-json\/wp\/v2\/pages\/438\/revisions\/818"}],"wp:attachment":[{"href":"https:\/\/flexomarket.com.mx\/index.php\/wp-json\/wp\/v2\/media?parent=438"}],"curies":[{"name":"wp","href":"https:\/\/api.w.org\/{rel}","templated":true}]}}