{"id":456,"date":"2025-05-18T02:43:21","date_gmt":"2025-05-18T02:43:21","guid":{"rendered":"https:\/\/flexomarket.com.mx\/nuevo\/?page_id=456"},"modified":"2025-05-29T01:21:39","modified_gmt":"2025-05-29T01:21:39","slug":"ribbons","status":"publish","type":"page","link":"https:\/\/flexomarket.com.mx\/index.php\/ribbons\/","title":{"rendered":"Ribbons"},"content":{"rendered":"\n<div class=\"section-wrapper\" data-id=\"BUzQHB\"><section class=\"wp-block-gutenverse-section guten-element guten-section guten-BUzQHB layout-fullwidth align-stretch\"><div class=\"guten-container guten-column-gap-default\">\n<div class=\"wp-block-gutenverse-column guten-element guten-column guten-rLSRnR\"><div class=\"guten-column-wrapper\" data-id=\"rLSRnR\">\n<h5 class=\"wp-block-gutenverse-heading guten-element guten-N1fVbQ animated guten-element-hide desktop-fadeInUp\">El ribbon es una cinta usada en <a href=\"https:\/\/flexomarket.com.mx\/index.php\/impresoras-de-transferencia-termica\/\" data-type=\"page\" data-id=\"465\"><strong>impresoras de transferencia t\u00e9rmica<\/strong><\/a>. Al aplicar calor, la tinta del ribbon se transfiere al material de la etiqueta, <br>fijando la informaci\u00f3n de forma precisa y duradera.<br>Es un m\u00e9todo r\u00e1pido y confiable para imprimir c\u00f3digos de barras, textos y datos con alta definici\u00f3n.<\/h5>\n\n\n\n<div class=\"section-wrapper\" data-id=\"2ZBPsB\"><section class=\"wp-block-gutenverse-section guten-element guten-section guten-2ZBPsB layout-boxed align-stretch\"><div class=\"guten-container guten-column-gap-default\">\n<div class=\"wp-block-gutenverse-column guten-element guten-column guten-ZHZouz\"><div class=\"guten-column-wrapper\" data-id=\"ZHZouz\">\n<figure class=\"wp-block-image size-full is-resized\"><img loading=\"lazy\" decoding=\"async\" width=\"469\" height=\"354\" src=\"https:\/\/flexomarket.com.mx\/wp-content\/uploads\/2025\/05\/ribbons3.jpg\" alt=\"\" class=\"wp-image-790\" style=\"width:411px;height:auto\" srcset=\"https:\/\/flexomarket.com.mx\/wp-content\/uploads\/2025\/05\/ribbons3.jpg 469w, https:\/\/flexomarket.com.mx\/wp-content\/uploads\/2025\/05\/ribbons3-300x226.jpg 300w\" sizes=\"auto, (max-width: 469px) 100vw, 469px\" \/><\/figure>\n<\/div><\/div>\n\n\n\n<div class=\"wp-block-gutenverse-column guten-element guten-column guten-ba4oUr\"><div class=\"guten-column-wrapper\" data-id=\"ba4oUr\">\n<div class=\"guten-element guten-accordions guten-US1a9N\">\n<div class=\"accordion-item guten-l5tHQt\"><div class=\"accordion-heading\"><div class=\"accordion-icon\"><span class=\"accordion-icon-open\"><i class=\"fas fa-minus\"><\/i><\/span><span class=\"accordion-icon-closed\"><i class=\"fas fa-plus\"><\/i><\/span><\/div><span class=\"accordion-text\">RIBBON CERA<\/span><\/div><div class=\"accordion-body\"><div class=\"accordion-content\">\n<p>Es el tipo de ribbon m\u00e1s com\u00fan y econ\u00f3mico. Tiene un acabado brillante y est\u00e1 compuesto principalmente por cera, lo que lo hace ideal para aplicaciones generales. Su popularidad lo convierte en una opci\u00f3n muy utilizada en impresoras de transferencia t\u00e9rmica.<\/p>\n<\/div><\/div><\/div>\n<\/div>\n\n\n\n<div class=\"guten-element guten-accordions guten-okymdD\">\n<div class=\"accordion-item guten-cuMTib\"><div class=\"accordion-heading\"><div class=\"accordion-icon\"><span class=\"accordion-icon-open\"><i class=\"fas fa-minus\"><\/i><\/span><span class=\"accordion-icon-closed\"><i class=\"fas fa-plus\"><\/i><\/span><\/div><span class=\"accordion-text\">RIBBON RESINA<\/span><\/div><div class=\"accordion-body\"><div class=\"accordion-content\">\n<p>A diferencia del ribbon de cera, el ribbon de resina ofrece la m\u00e1xima resistencia y durabilidad. Es ideal para etiquetas expuestas a condiciones extremas, como altas o bajas temperaturas, contacto con productos qu\u00edmicos o disolventes.Es la opci\u00f3n preferida para aplicaciones industriales, farmac\u00e9uticas o de laboratorio, donde la impresi\u00f3n debe mantenerse legible y adherida por m\u00e1s tiempo.<\/p>\n<\/div><\/div><\/div>\n<\/div>\n\n\n\n<div class=\"guten-element guten-accordions guten-OMxo8Z\">\n<div class=\"accordion-item guten-5N4KEc\"><div class=\"accordion-heading\"><div class=\"accordion-icon\"><span class=\"accordion-icon-open\"><i class=\"fas fa-minus\"><\/i><\/span><span class=\"accordion-icon-closed\"><i class=\"fas fa-plus\"><\/i><\/span><\/div><span class=\"accordion-text\">RIBBON CERA-RESINA<\/span><\/div><div class=\"accordion-body\"><div class=\"accordion-content\">\n<p>Esta opci\u00f3n combina componentes de cera y resina, ofreciendo mayor durabilidad y resistencia. Aunque no alcanza el nivel de protecci\u00f3n del ribbon de resina, es una soluci\u00f3n vers\u00e1til ideal para entornos que requieren mayor desgaste o fricci\u00f3n. Se utiliza com\u00fanmente en sectores como log\u00edstica, distribuci\u00f3n y transporte, donde se necesita una impresi\u00f3n m\u00e1s resistente sin sacrificar calidad.<\/p>\n<\/div><\/div><\/div>\n<\/div>\n\n\n\n<div class=\"guten-element gutenverse-text-editor guten-A0lt4n\"><div class=\"text-content-inner\"><\/div><\/div>\n\n\n\n<h2 class=\"wp-block-heading has-theme-0-color has-text-color has-link-color has-large-font-size wp-elements-9a1fd78232d603d79812dac95e29ad3c\"><br>Pedido m\u00ednimo: 24 unidades<\/h2>\n<\/div><\/div>\n<\/div><\/section><\/div>\n<\/div><\/div>\n<\/div><\/section><\/div>\n","protected":false},"excerpt":{"rendered":"","protected":false},"author":1,"featured_media":0,"parent":0,"menu_order":0,"comment_status":"closed","ping_status":"closed","template":"wp-custom-template-plantilla-ribbons","meta":{"footnotes":""},"class_list":["post-456","page","type-page","status-publish","hentry"],"_links":{"self":[{"href":"https:\/\/flexomarket.com.mx\/index.php\/wp-json\/wp\/v2\/pages\/456","targetHints":{"allow":["GET"]}}],"collection":[{"href":"https:\/\/flexomarket.com.mx\/index.php\/wp-json\/wp\/v2\/pages"}],"about":[{"href":"https:\/\/flexomarket.com.mx\/index.php\/wp-json\/wp\/v2\/types\/page"}],"author":[{"embeddable":true,"href":"https:\/\/flexomarket.com.mx\/index.php\/wp-json\/wp\/v2\/users\/1"}],"replies":[{"embeddable":true,"href":"https:\/\/flexomarket.com.mx\/index.php\/wp-json\/wp\/v2\/comments?post=456"}],"version-history":[{"count":10,"href":"https:\/\/flexomarket.com.mx\/index.php\/wp-json\/wp\/v2\/pages\/456\/revisions"}],"predecessor-version":[{"id":791,"href":"https:\/\/flexomarket.com.mx\/index.php\/wp-json\/wp\/v2\/pages\/456\/revisions\/791"}],"wp:attachment":[{"href":"https:\/\/flexomarket.com.mx\/index.php\/wp-json\/wp\/v2\/media?parent=456"}],"curies":[{"name":"wp","href":"https:\/\/api.w.org\/{rel}","templated":true}]}}