{"id":465,"date":"2025-05-18T02:57:20","date_gmt":"2025-05-18T02:57:20","guid":{"rendered":"https:\/\/flexomarket.com.mx\/nuevo\/?page_id=465"},"modified":"2025-05-29T01:27:28","modified_gmt":"2025-05-29T01:27:28","slug":"impresoras-de-transferencia-termica","status":"publish","type":"page","link":"https:\/\/flexomarket.com.mx\/index.php\/impresoras-de-transferencia-termica\/","title":{"rendered":"Impresoras de transferencia t\u00e9rmica"},"content":{"rendered":"\n<div class=\"section-wrapper\" data-id=\"BUzQHB\"><section class=\"wp-block-gutenverse-section guten-element guten-section guten-BUzQHB layout-fullwidth align-stretch\"><div class=\"guten-container guten-column-gap-default\">\n<div class=\"wp-block-gutenverse-column guten-element guten-column guten-rLSRnR\"><div class=\"guten-column-wrapper\" data-id=\"rLSRnR\">\n<h5 class=\"wp-block-gutenverse-heading guten-element guten-N1fVbQ animated guten-element-hide desktop-fadeInUp\">Nuestras impresoras t\u00e9rmicas de escritorio e industriales est\u00e1n dise\u00f1adas para aplicaciones que exigen calidad, resistencia y confiabilidad. <br>Utilizan calor para transferir tinta sobre diversos materiales, logrando impresiones duraderas y de alta definici\u00f3n.<\/h5>\n\n\n\n<div class=\"section-wrapper\" data-id=\"2ZBPsB\"><section class=\"wp-block-gutenverse-section guten-element guten-section guten-2ZBPsB layout-boxed align-stretch\"><div class=\"guten-container guten-column-gap-default\">\n<div class=\"wp-block-gutenverse-column guten-element guten-column guten-ZHZouz\"><div class=\"guten-column-wrapper\" data-id=\"ZHZouz\">\n<figure class=\"wp-block-image size-full is-resized\"><img loading=\"lazy\" decoding=\"async\" width=\"507\" height=\"407\" src=\"https:\/\/flexomarket.com.mx\/wp-content\/uploads\/2025\/05\/impresoras-termicas.jpg\" alt=\"\" class=\"wp-image-794\" style=\"width:411px;height:auto\" srcset=\"https:\/\/flexomarket.com.mx\/wp-content\/uploads\/2025\/05\/impresoras-termicas.jpg 507w, https:\/\/flexomarket.com.mx\/wp-content\/uploads\/2025\/05\/impresoras-termicas-300x241.jpg 300w\" sizes=\"auto, (max-width: 507px) 100vw, 507px\" \/><\/figure>\n<\/div><\/div>\n\n\n\n<div class=\"wp-block-gutenverse-column guten-element guten-column guten-ba4oUr\"><div class=\"guten-column-wrapper\" data-id=\"ba4oUr\">\n<div class=\"guten-element guten-accordions guten-US1a9N\">\n<div class=\"accordion-item guten-l5tHQt\"><div class=\"accordion-heading\"><div class=\"accordion-icon\"><span class=\"accordion-icon-open\"><i class=\"fas fa-minus\"><\/i><\/span><span class=\"accordion-icon-closed\"><i class=\"fas fa-plus\"><\/i><\/span><\/div><span class=\"accordion-text\">ZEBRA<\/span><\/div><div class=\"accordion-body\"><div class=\"accordion-content\">\n<p>Reconocida por su innovaci\u00f3n y durabilidad.<\/p>\n\n\n\n<p>Zebra es una marca l\u00edder en soluciones de impresi\u00f3n para entornos industriales, log\u00edsticos y de retail. Sus equipos destacan por su construcci\u00f3n robusta, conectividad avanzada y compatibilidad con m\u00faltiples lenguajes de programaci\u00f3n. Ofrece una amplia gama de modelos, desde compactos de escritorio hasta industriales de alto volumen.<\/p>\n\n\n\n<p>Ideal para: operaciones intensivas, entornos exigentes y empresas que requieren integraci\u00f3n avanzada.<\/p>\n<\/div><\/div><\/div>\n<\/div>\n\n\n\n<div class=\"guten-element guten-accordions guten-okymdD\">\n<div class=\"accordion-item guten-cuMTib\"><div class=\"accordion-heading\"><div class=\"accordion-icon\"><span class=\"accordion-icon-open\"><i class=\"fas fa-minus\"><\/i><\/span><span class=\"accordion-icon-closed\"><i class=\"fas fa-plus\"><\/i><\/span><\/div><span class=\"accordion-text\">SATO<\/span><\/div><div class=\"accordion-body\"><div class=\"accordion-content\">\n<p>Alta precisi\u00f3n y confiabilidad japonesa.SATO combina calidad de impresi\u00f3n con tecnolog\u00eda orientada a la trazabilidad y el etiquetado industrial. Sus impresoras son reconocidas por su precisi\u00f3n, especialmente en aplicaciones como etiquetas peque\u00f1as o impresi\u00f3n de datos variables. Integra soluciones de identificaci\u00f3n autom\u00e1tica y seguimiento.<\/p>\n\n\n\n<p>Ideal para: industrias farmac\u00e9uticas, alimentarias y log\u00edsticas con altos est\u00e1ndares de control.<\/p>\n<\/div><\/div><\/div>\n<\/div>\n\n\n\n<div class=\"guten-element guten-accordions guten-OMxo8Z\">\n<div class=\"accordion-item guten-5N4KEc\"><div class=\"accordion-heading\"><div class=\"accordion-icon\"><span class=\"accordion-icon-open\"><i class=\"fas fa-minus\"><\/i><\/span><span class=\"accordion-icon-closed\"><i class=\"fas fa-plus\"><\/i><\/span><\/div><span class=\"accordion-text\">TSC<\/span><\/div><div class=\"accordion-body\"><div class=\"accordion-content\">\n<p>Excelente relaci\u00f3n costo-beneficio.<\/p>\n\n\n\n<p>TSC ofrece impresoras confiables y accesibles con un buen rendimiento general. Aunque menos costosas, sus equipos brindan buena calidad de impresi\u00f3n y durabilidad. Son una excelente opci\u00f3n para empresas que buscan eficiencia sin comprometer la calidad.<\/p>\n\n\n\n<p>Ideal para: peque\u00f1as y medianas empresas, oficinas, almacenes y producci\u00f3n ligera.<\/p>\n<\/div><\/div><\/div>\n<\/div>\n\n\n\n<div class=\"guten-element gutenverse-text-editor guten-A0lt4n\"><div class=\"text-content-inner\"><\/div><\/div>\n\n\n\n<h2 class=\"wp-block-heading has-theme-0-color has-text-color has-link-color has-large-font-size wp-elements-7a9ddda89a78702d3dbbb87b2856ef61\"><br><a href=\"https:\/\/flexomarket.com.mx\/index.php\/contacto\/\" data-type=\"page\" data-id=\"78\">Cont\u00e1ctanos<\/a> para m\u00e1s informaci\u00f3n.<\/h2>\n<\/div><\/div>\n<\/div><\/section><\/div>\n<\/div><\/div>\n<\/div><\/section><\/div>\n","protected":false},"excerpt":{"rendered":"","protected":false},"author":1,"featured_media":0,"parent":0,"menu_order":0,"comment_status":"closed","ping_status":"closed","template":"wp-custom-template-plantilla-impresoras","meta":{"footnotes":""},"class_list":["post-465","page","type-page","status-publish","hentry"],"_links":{"self":[{"href":"https:\/\/flexomarket.com.mx\/index.php\/wp-json\/wp\/v2\/pages\/465","targetHints":{"allow":["GET"]}}],"collection":[{"href":"https:\/\/flexomarket.com.mx\/index.php\/wp-json\/wp\/v2\/pages"}],"about":[{"href":"https:\/\/flexomarket.com.mx\/index.php\/wp-json\/wp\/v2\/types\/page"}],"author":[{"embeddable":true,"href":"https:\/\/flexomarket.com.mx\/index.php\/wp-json\/wp\/v2\/users\/1"}],"replies":[{"embeddable":true,"href":"https:\/\/flexomarket.com.mx\/index.php\/wp-json\/wp\/v2\/comments?post=465"}],"version-history":[{"count":6,"href":"https:\/\/flexomarket.com.mx\/index.php\/wp-json\/wp\/v2\/pages\/465\/revisions"}],"predecessor-version":[{"id":796,"href":"https:\/\/flexomarket.com.mx\/index.php\/wp-json\/wp\/v2\/pages\/465\/revisions\/796"}],"wp:attachment":[{"href":"https:\/\/flexomarket.com.mx\/index.php\/wp-json\/wp\/v2\/media?parent=465"}],"curies":[{"name":"wp","href":"https:\/\/api.w.org\/{rel}","templated":true}]}}