{"id":500,"date":"2025-05-18T03:53:31","date_gmt":"2025-05-18T03:53:31","guid":{"rendered":"https:\/\/flexomarket.com.mx\/nuevo\/?page_id=500"},"modified":"2025-05-23T02:51:21","modified_gmt":"2025-05-23T02:51:21","slug":"etiquetas","status":"publish","type":"page","link":"https:\/\/flexomarket.com.mx\/index.php\/etiquetas\/","title":{"rendered":"Etiquetas"},"content":{"rendered":"\n<div class=\"section-wrapper\" data-id=\"24zpFf\"><section class=\"wp-block-gutenverse-section guten-element guten-section guten-24zpFf layout-fullwidth align-stretch\"><div class=\"guten-container guten-column-gap-default\">\n<div class=\"wp-block-gutenverse-column guten-element guten-column guten-93VoRq\"><div class=\"guten-column-wrapper\" data-id=\"93VoRq\">\n<h2 class=\"wp-block-gutenverse-heading guten-element guten-Fg2nxo\"><strong><strong>COMPROMETIDOS CON LA M\u00c1S<\/strong><br><strong>ALTA CALIDAD<\/strong><\/strong><\/h2>\n\n\n\n<div class=\"guten-element gutenverse-text-editor guten-Mn5xnY\"><div class=\"text-content-inner\">\n<p>Nuestros productos est\u00e1n dise\u00f1ados para satisfacer las necesidades espec\u00edficas de cada cliente, garantizando eficiencia y precisi\u00f3n para una gran variedad de industrias.<\/p>\n<\/div><\/div>\n\n\n\n<div class=\"section-wrapper\" data-id=\"q8CgL6\"><section class=\"wp-block-gutenverse-section guten-element guten-section guten-q8CgL6 layout-boxed align-stretch\"><div class=\"guten-container guten-column-gap-no\">\n<div class=\"wp-block-gutenverse-column guten-element guten-column guten-Ww3ehc\"><div class=\"guten-column-wrapper\" data-id=\"Ww3ehc\">\n<div class=\"wp-block-gutenverse-team guten-element guten-team guten-cCcWJE\"><div class=\"profile-box\"><div class=\"profile-card card-overlay default\"><img decoding=\"async\" src=\"https:\/\/flexomarket.com.mx\/wp-content\/uploads\/2025\/04\/Etiquetas-para-bebidas-y-envases.png\" alt=\"\" loading=\"lazy\"\/><div class=\"profile-body bottom\"><h3 class=\"profile-title \" aria-label=\"Profile Name\"><\/h3><p class=\"profile-sub\" aria-label=\"Profile Job\">\u00a1Ideales para todo tipo de bebidas como refrescos, cervezas, jugos y m\u00e1s!.<br>Fabricadas en diversos sustratos, con o sin adhesivo, como couch\u00e9, polipropileno blanco o transparente.<br>Disponibles con acabados en barniz o laminado, ya sea brillante, mate o satinado.<\/p><div class=\"socials-wrapper\">\n<div class=\"guten-element guten-social-icons guten-bYrmAD rounded horizontal fill\">\n<div class=\"guten-element guten-social-icon guten-2lX7UB wordpress\"><a id=\"guten-2lX7UB\"><i class=\"fab fa-wordpress\"><\/i><\/a><\/div>\n<\/div>\n<\/div><\/div><\/div><\/div><\/div>\n\n\n\n<h5 class=\"wp-block-heading has-text-align-center has-theme-0-color has-text-color has-link-color wp-elements-bc0bede50aff401b156a71daa3378ff3\">Etiquetas para bebidas y envases<\/h5>\n<\/div><\/div>\n\n\n\n<div class=\"wp-block-gutenverse-column guten-element guten-column guten-HutfDe\"><div class=\"guten-column-wrapper\" data-id=\"HutfDe\">\n<div class=\"wp-block-gutenverse-team guten-element guten-team guten-Ts5QIx\"><div class=\"profile-box\"><div class=\"profile-card card-overlay default\"><img decoding=\"async\" src=\"https:\/\/flexomarket.com.mx\/wp-content\/uploads\/2025\/04\/Etiquetas-para-productos-de-limpieza.png\" alt=\"\" loading=\"lazy\"\/><div class=\"profile-body bottom\"><h3 class=\"profile-title \" aria-label=\"Profile Name\"><\/h3><p class=\"profile-sub\" aria-label=\"Profile Job\">Dise\u00f1adas para resistir ambientes h\u00famedos, qu\u00edmicos y manipulaci\u00f3n constante. Ideales para detergentes, limpiadores, cloro, shampoo y m\u00e1s, nuestras etiquetas aseguran legibilidad y adhesi\u00f3n en todo momento con diferentes tipos y resistencia de adhesivo.<\/p><div class=\"socials-wrapper\"><\/div><\/div><\/div><\/div><\/div>\n\n\n\n<h5 class=\"wp-block-heading has-text-align-center has-theme-0-color has-text-color has-link-color wp-elements-5dec4a8f9713e4ce21c4b2f4247b786f\">Etiquetas para productos de limpieza<\/h5>\n<\/div><\/div>\n\n\n\n<div class=\"wp-block-gutenverse-column guten-element guten-column guten-VF6Rrx\"><div class=\"guten-column-wrapper\" data-id=\"VF6Rrx\">\n<div class=\"wp-block-gutenverse-team guten-element guten-team guten-PEOx71\"><div class=\"profile-box\"><div class=\"profile-card card-overlay default\"><img decoding=\"async\" src=\"https:\/\/flexomarket.com.mx\/wp-content\/uploads\/2025\/04\/Etiquetas-para-productos-de-refrigeracion.png\" alt=\"\" loading=\"lazy\"\/><div class=\"profile-body bottom\"><h3 class=\"profile-title \" aria-label=\"Profile Name\"><\/h3><p class=\"profile-sub\" aria-label=\"Profile Job\">Fabricadas con materiales y adhesivos especiales para soportar bajas temperaturas y condensaci\u00f3n. Perfectas para productos refrigerados como l\u00e1cteos, quesos, carnes fr\u00edas, frutas, verduras y m\u00e1s.<\/p><div class=\"socials-wrapper\">\n<div class=\"guten-element guten-social-icons guten-BB5InV rounded horizontal fill\">\n<div class=\"guten-element guten-social-icon guten-UBPc4o wordpress\"><a id=\"guten-UBPc4o\"><i class=\"fab fa-wordpress\"><\/i><\/a><\/div>\n<\/div>\n<\/div><\/div><\/div><\/div><\/div>\n\n\n\n<h5 class=\"wp-block-heading has-text-align-center has-theme-0-color has-text-color has-link-color wp-elements-0ff792791a3d0eec9f1da727503dd653\">Etiquetas para productos de refrigeraci\u00f3n<\/h5>\n<\/div><\/div>\n<\/div><\/section><\/div>\n\n\n\n<div class=\"section-wrapper\" data-id=\"BkTtRR\"><section class=\"wp-block-gutenverse-section guten-element guten-section guten-BkTtRR layout-boxed align-stretch\"><div class=\"guten-container guten-column-gap-no\">\n<div class=\"wp-block-gutenverse-column guten-element guten-column guten-1biwFZ\"><div class=\"guten-column-wrapper\" data-id=\"1biwFZ\">\n<div class=\"wp-block-gutenverse-team guten-element guten-team guten-JvJP9m\"><div class=\"profile-box\"><div class=\"profile-card card-overlay default\"><img decoding=\"async\" src=\"https:\/\/flexomarket.com.mx\/wp-content\/uploads\/2025\/04\/Etiquetas-de-productos-automotrices.png\" alt=\"\" loading=\"lazy\"\/><div class=\"profile-body bottom\"><h3 class=\"profile-title \" aria-label=\"Profile Name\"><\/h3><p class=\"profile-sub\" aria-label=\"Profile Job\">Resistentes a grasas, aceites y cambios de temperatura. Ofrecemos etiquetas duraderas para filtros, lubricantes, anticongelantes, aditivos, autopartes, llantas y m\u00e1s, con excelente adherencia en superficies pl\u00e1sticas o met\u00e1licas.<\/p><div class=\"socials-wrapper\">\n<div class=\"guten-element guten-social-icons guten-ouJXmK rounded horizontal fill\">\n<div class=\"guten-element guten-social-icon guten-7La20G wordpress\"><a id=\"guten-7La20G\"><i class=\"fab fa-wordpress\"><\/i><\/a><\/div>\n<\/div>\n<\/div><\/div><\/div><\/div><\/div>\n\n\n\n<h5 class=\"wp-block-heading has-text-align-center has-theme-0-color has-text-color has-link-color wp-elements-0b596fb428632964feb32083a2dc1afc\">Etiquetas para productos automotrices<\/h5>\n<\/div><\/div>\n\n\n\n<div class=\"wp-block-gutenverse-column guten-element guten-column guten-ofZnhk\"><div class=\"guten-column-wrapper\" data-id=\"ofZnhk\">\n<div class=\"wp-block-gutenverse-team guten-element guten-team guten-EuTRj8\"><div class=\"profile-box\"><div class=\"profile-card card-overlay default\"><img decoding=\"async\" src=\"https:\/\/flexomarket.com.mx\/wp-content\/uploads\/2025\/05\/etiquetas-producto-belleza2.png\" alt=\"\" loading=\"lazy\"\/><div class=\"profile-body bottom\"><h3 class=\"profile-title \" aria-label=\"Profile Name\"><\/h3><p class=\"profile-sub\" aria-label=\"Profile Job\">Alta definici\u00f3n y colores vibrantes para resaltar tu marca hasta en tus productos m\u00e1s peque\u00f1os.<br>Nuestras etiquetas ofrecen\u00a0 materiales resistentes al contacto y al uso constante. desde transparentes, hasta met\u00e1licos, con laminado pl\u00e1stico mate, satinado o brillante para darle ese toque personalizado a tu marca.<\/p><div class=\"socials-wrapper\">\n<div class=\"guten-element guten-social-icons guten-fgbYWX rounded horizontal fill\">\n<div class=\"guten-element guten-social-icon guten-AmXRDr wordpress\"><a id=\"guten-AmXRDr\"><i class=\"fab fa-wordpress\"><\/i><\/a><\/div>\n<\/div>\n<\/div><\/div><\/div><\/div><\/div>\n\n\n\n<h5 class=\"wp-block-heading has-text-align-center has-theme-0-color has-text-color has-link-color wp-elements-2a403028a99b5a5927cf98e1cc109ddc\">Etiquetas de productos de belleza \/ cosm\u00e9ticos<\/h5>\n<\/div><\/div>\n\n\n\n<div class=\"wp-block-gutenverse-column guten-element guten-column guten-x8Agr0\"><div class=\"guten-column-wrapper\" data-id=\"x8Agr0\">\n<div class=\"wp-block-gutenverse-team guten-element guten-team guten-ac88oo\"><div class=\"profile-box\"><div class=\"profile-card card-overlay default\"><img decoding=\"async\" src=\"https:\/\/flexomarket.com.mx\/wp-content\/uploads\/2025\/04\/Etiquetas-blancas-para-identificacion.png\" alt=\"\" loading=\"lazy\"\/><div class=\"profile-body bottom\"><h3 class=\"profile-title \" aria-label=\"Profile Name\"><\/h3><p class=\"profile-sub\" aria-label=\"Profile Job\">\u00a1Soluci\u00f3n vers\u00e1til para m\u00faltiples industrias! Disponibles en diferentes materiales para impresi\u00f3n con ribbons o t\u00e9rmica directa, ideales para codificaci\u00f3n, trazabilidad y uso interno.<\/p><div class=\"socials-wrapper\">\n<div class=\"guten-element guten-social-icons guten-MuIoFh rounded horizontal fill\">\n<div class=\"guten-element guten-social-icon guten-sPMeXD wordpress\"><a id=\"guten-sPMeXD\"><i class=\"fab fa-wordpress\"><\/i><\/a><\/div>\n<\/div>\n<\/div><\/div><\/div><\/div><\/div>\n\n\n\n<h5 class=\"wp-block-heading has-text-align-center has-theme-0-color has-text-color has-link-color wp-elements-c541e3f6fd29c70ef964da992bfdd6a2\">Etiquetas blancas para identificaci\u00f3n<\/h5>\n<\/div><\/div>\n<\/div><\/section><\/div>\n\n\n\n<div class=\"guten-element guten-spacer guten-giPSxW\"><\/div>\n\n\n\n<div style=\"height:100px\" aria-hidden=\"true\" class=\"wp-block-spacer\"><\/div>\n\n\n\n<div class=\"section-wrapper\" data-id=\"8TnHug\"><section class=\"wp-block-gutenverse-section guten-element guten-section guten-8TnHug layout-boxed align-stretch\"><div class=\"guten-container guten-column-gap-no\">\n<div class=\"wp-block-gutenverse-column guten-element guten-column guten-lXJS9v\"><div class=\"guten-column-wrapper\" data-id=\"lXJS9v\">\n<div class=\"wp-block-gutenverse-team guten-element guten-team guten-zSDHGu\"><div class=\"profile-box\"><div class=\"profile-card card-overlay default\"><img decoding=\"async\" src=\"https:\/\/flexomarket.com.mx\/wp-content\/uploads\/2025\/04\/Etiquetas-Fondeadas.png\" alt=\"\" loading=\"lazy\"\/><div class=\"profile-body bottom\"><h3 class=\"profile-title \" aria-label=\"Profile Name\"><\/h3><p class=\"profile-sub\" aria-label=\"Profile Job\">Impresas con colores s\u00f3lidos y vivos que aportan identidad visual y alto impacto en anaquel. Garantizamos uniformidad de color y resistencia al roce y a la manipulaci\u00f3n.<\/p><div class=\"socials-wrapper\">\n<div class=\"guten-element guten-social-icons guten-wq2GLP rounded horizontal fill\">\n<div class=\"guten-element guten-social-icon guten-AzFADd wordpress\"><a id=\"guten-AzFADd\"><i class=\"fab fa-wordpress\"><\/i><\/a><\/div>\n<\/div>\n<\/div><\/div><\/div><\/div><\/div>\n\n\n\n<h5 class=\"wp-block-heading has-text-align-center has-theme-0-color has-text-color has-link-color wp-elements-9200ab0ff258857c59eae97e06b57161\">Etiquetas fondeadas<\/h5>\n<\/div><\/div>\n\n\n\n<div class=\"wp-block-gutenverse-column guten-element guten-column guten-d6toZx\"><div class=\"guten-column-wrapper\" data-id=\"d6toZx\">\n<div class=\"wp-block-gutenverse-team guten-element guten-team guten-GWG3SJ\"><div class=\"profile-box\"><div class=\"profile-card card-overlay default\"><img decoding=\"async\" src=\"https:\/\/flexomarket.com.mx\/wp-content\/uploads\/2025\/04\/Etiquetas-de-productos-faraceuticos.png\" alt=\"\" loading=\"lazy\"\/><div class=\"profile-body bottom\"><h3 class=\"profile-title \" aria-label=\"Profile Name\"><\/h3><p class=\"profile-sub\" aria-label=\"Profile Job\">Cumplen con los m\u00e1s altos est\u00e1ndares de legibilidad y calidad.<br>Dise\u00f1adas y adaptadas a envases peque\u00f1os y\/o superficies curvas, ideales para medicamentos, frascos, cajas y botellas.<br>Diferentes acabados desde barniz uv hasta laminado pl\u00e1stico para garantizar la durabilidad que tu producto necesita.<\/p><div class=\"socials-wrapper\">\n<div class=\"guten-element guten-social-icons guten-ytCu3J rounded horizontal fill\">\n<div class=\"guten-element guten-social-icon guten-JWNs60 wordpress\"><a id=\"guten-JWNs60\"><i class=\"fab fa-wordpress\"><\/i><\/a><\/div>\n<\/div>\n<\/div><\/div><\/div><\/div><\/div>\n\n\n\n<h5 class=\"wp-block-heading has-text-align-center has-theme-0-color has-text-color has-link-color wp-elements-ad0c5fee80126ca417ef99cac575e738\">Etiquetas de productos farmace\u00faticos<\/h5>\n<\/div><\/div>\n\n\n\n<div class=\"wp-block-gutenverse-column guten-element guten-column guten-UqnuHs\"><div class=\"guten-column-wrapper\" data-id=\"UqnuHs\">\n<div class=\"wp-block-gutenverse-team guten-element guten-team guten-S6jGCE\"><div class=\"profile-box\"><div class=\"profile-card card-overlay default\"><img decoding=\"async\" src=\"https:\/\/flexomarket.com.mx\/wp-content\/uploads\/2025\/04\/Etiquetas-para-la-industria-textil.png\" alt=\"\" loading=\"lazy\"\/><div class=\"profile-body bottom\"><h3 class=\"profile-title \" aria-label=\"Profile Name\"><\/h3><p class=\"profile-sub\" aria-label=\"Profile Job\">Etiquetas resistentes a manipulaci\u00f3n, fricci\u00f3n y polvo, pensadas para identificar productos como ropa, telas, accesorios y empaques en diferentes materiales como Tyvek, nylon, poli\u00e9ster, entre otros.<\/p><div class=\"socials-wrapper\">\n<div class=\"guten-element guten-social-icons guten-toxbln rounded horizontal fill\">\n<div class=\"guten-element guten-social-icon guten-SzKDcm wordpress\"><a id=\"guten-SzKDcm\"><i class=\"fab fa-wordpress\"><\/i><\/a><\/div>\n<\/div>\n<\/div><\/div><\/div><\/div><\/div>\n\n\n\n<h5 class=\"wp-block-heading has-text-align-center has-theme-0-color has-text-color has-link-color wp-elements-83e84c61f8be18965673dbee27e3cca5\">Etiquetas para la industria textil<\/h5>\n<\/div><\/div>\n<\/div><\/section><\/div>\n\n\n\n<div style=\"height:163px\" aria-hidden=\"true\" class=\"wp-block-spacer\"><\/div>\n\n\n\n<h2 class=\"wp-block-gutenverse-heading guten-element guten-bp43Vc animated guten-element-hide desktop-fadeInUp\"><br><strong>CONTAMOS CON LA MEJOR SOLUCI\u00d3N DE MATERIALES <\/strong><br><strong>PARA TUS ETIQUETAS<\/strong><\/h2>\n\n\n\n<div class=\"guten-element gutenverse-text-editor guten-BVCFli animated guten-element-hide desktop-fadeInUp\"><div class=\"text-content-inner\">\n<p>Nuestra variedad de materiales y acabados se adapta a las exigencias y necesidades de cualquier industria.<\/p>\n<\/div><\/div>\n\n\n\n<p><br><br><\/p>\n\n\n\n<div class=\"guten-element guten-button-wrapper guten-i6HaeB\"><a class=\"guten-button animated guten-element-hide desktop-fadeInRight guten-button-sm\" href=\"https:\/\/flexomarket.com.mx\/index.php\/materiales\/\"><span>CONOCE M\u00c1S<\/span><\/a><\/div>\n<\/div><\/div>\n<\/div><\/section><\/div>\n","protected":false},"excerpt":{"rendered":"","protected":false},"author":1,"featured_media":0,"parent":0,"menu_order":0,"comment_status":"closed","ping_status":"closed","template":"wp-custom-template-plantilla-etiquetas","meta":{"footnotes":""},"class_list":["post-500","page","type-page","status-publish","hentry"],"_links":{"self":[{"href":"https:\/\/flexomarket.com.mx\/index.php\/wp-json\/wp\/v2\/pages\/500","targetHints":{"allow":["GET"]}}],"collection":[{"href":"https:\/\/flexomarket.com.mx\/index.php\/wp-json\/wp\/v2\/pages"}],"about":[{"href":"https:\/\/flexomarket.com.mx\/index.php\/wp-json\/wp\/v2\/types\/page"}],"author":[{"embeddable":true,"href":"https:\/\/flexomarket.com.mx\/index.php\/wp-json\/wp\/v2\/users\/1"}],"replies":[{"embeddable":true,"href":"https:\/\/flexomarket.com.mx\/index.php\/wp-json\/wp\/v2\/comments?post=500"}],"version-history":[{"count":10,"href":"https:\/\/flexomarket.com.mx\/index.php\/wp-json\/wp\/v2\/pages\/500\/revisions"}],"predecessor-version":[{"id":709,"href":"https:\/\/flexomarket.com.mx\/index.php\/wp-json\/wp\/v2\/pages\/500\/revisions\/709"}],"wp:attachment":[{"href":"https:\/\/flexomarket.com.mx\/index.php\/wp-json\/wp\/v2\/media?parent=500"}],"curies":[{"name":"wp","href":"https:\/\/api.w.org\/{rel}","templated":true}]}}