{"id":74,"date":"2025-04-12T02:55:05","date_gmt":"2025-04-12T02:55:05","guid":{"rendered":"https:\/\/flexomarket.com.mx\/nuevo\/index.php\/faq\/"},"modified":"2025-05-23T03:50:43","modified_gmt":"2025-05-23T03:50:43","slug":"faq","status":"publish","type":"page","link":"https:\/\/flexomarket.com.mx\/index.php\/faq\/","title":{"rendered":"FAQ"},"content":{"rendered":"\n<div class=\"section-wrapper\" data-id=\"HFVEPB\"><section class=\"wp-block-gutenverse-section guten-element guten-section guten-HFVEPB hide-tablet hide-mobile layout-boxed align-stretch\"><div class=\"guten-container guten-column-gap-no\">\n<div class=\"wp-block-gutenverse-column guten-element guten-column guten-Q2QvLd\"><div class=\"guten-column-wrapper\" data-id=\"Q2QvLd\">\n<div class=\"guten-element guten-icon-list guten-HIpSE0\"><div class=\" list-wrapper inline-icon-list\">\n<div class=\"guten-element guten-icon-list-item guten-KsxRNx\"><div class=\"list-divider\"><\/div><a id=\"guten-KsxRNx\"><i class=\"fas fa-map-marker-alt\"><\/i><span class=\"list-text \">Calle Costa Rica Mz34 Lt9, Col. Ejidos de San Miguel, C.P. 52928, Estado de M\u00e9xico.<\/span><\/a><\/div>\n\n\n\n<div class=\"guten-element guten-icon-list-item guten-wanZmU\"><div class=\"list-divider\"><\/div><a id=\"guten-wanZmU\"><i class=\"fas fa-envelope\"><\/i><span class=\"list-text \">ventas@flexomarket.com.mx<\/span><\/a><\/div>\n<\/div><\/div>\n<\/div><\/div>\n\n\n\n<div class=\"wp-block-gutenverse-column guten-element guten-column guten-HvHufO\"><div class=\"guten-column-wrapper\" data-id=\"HvHufO\">\n<div class=\"guten-element guten-social-icons guten-gusNO5 circle horizontal fill\">\n<div class=\"guten-element guten-social-icon guten-JDPxPX facebook\"><a id=\"guten-JDPxPX\" href=\"https:\/\/www.facebook.com\/profile.php?id=61556387545932\" target=\"_blank\" rel=\"noreferrer noopener\"><i class=\"gtn gtn-facebook-light\"><\/i><\/a><\/div>\n\n\n\n<div class=\"guten-element guten-social-icon guten-wBSXmK link\"><a id=\"guten-wBSXmK\" href=\"https:\/\/www.linkedin.com\/company\/flexomarket-de-m%C3%A9xico\/posts\/?feedView=all\" target=\"_blank\" rel=\"noreferrer noopener\"><i class=\"fab fa-linkedin\"><\/i><\/a><\/div>\n\n\n\n<div class=\"guten-element guten-social-icon guten-bZtVVe instagram\"><a id=\"guten-bZtVVe\" href=\"https:\/\/www.instagram.com\/flexomarketdemexico\/\" target=\"_blank\" rel=\"noreferrer noopener\"><i class=\"gtn gtn-instagram-1-light\"><\/i><\/a><\/div>\n<\/div>\n<\/div><\/div>\n<\/div><\/section><\/div>\n\n\n\n<div class=\"section-wrapper\" data-id=\"YqFuOP\"><section class=\"wp-block-gutenverse-section guten-element guten-section guten-YqFuOP layout-boxed align-stretch\"><div class=\"guten-container guten-column-gap-no\">\n<div class=\"wp-block-gutenverse-column guten-element guten-column guten-ynv70o\"><div class=\"guten-column-wrapper\" data-id=\"ynv70o\">\n<div class=\"wp-block-gutenverse-image guten-element guten-image guten-gAYyw6\"><a class=\"guten-image-wrapper\" href=\"https:\/\/flexomarket.com.mx\/\"><img loading=\"lazy\" decoding=\"async\" class=\"gutenverse-image-box-filled\" src=\"https:\/\/flexomarket.com.mx\/wp-content\/uploads\/2025\/04\/flexomarket.webp\" height=\"346\" width=\"792\"\/><\/a><\/div>\n<\/div><\/div>\n\n\n\n<div class=\"wp-block-gutenverse-column guten-element guten-column guten-9S7vCn\"><div class=\"guten-column-wrapper\" data-id=\"9S7vCn\"><div id=\"guten-6mjg0u\" class=\"guten-element guten-nav-menu nav-menu break-point-tablet submenu-click-title \" data-item-indicator=\"gtn gtn-angle-down-solid\" data-close-on-click=\"1\">\n\t\t\t<div class=\"gutenverse-hamburger-wrapper\">\n\t\t\t\t<button class=\"gutenverse-hamburger-menu\">\n\t\t\t\t\t<i aria-hidden=\"true\" class=\"gtn gtn-bars-solid\"><\/i>\n\t\t\t\t<\/button>\n\t\t\t<\/div>\n\t\t\t<div class=\"guten-nav-overlay\"><\/div>\n\t\t\t<div class=\"gutenverse-menu-wrapper\"><div class=\"gutenverse-menu-container\"><ul id=\"menu-textilery-1\" class=\"gutenverse-menu\"><li id=\"menu-item-194\" class=\"menu-item menu-item-type-post_type menu-item-object-page menu-item-home menu-item-194\"><a href=\"javascript:void(0);\" data-href=\"https:\/\/flexomarket.com.mx\/\">Inicio<\/a><\/li>\n<li id=\"menu-item-134\" class=\"menu-item menu-item-type-post_type menu-item-object-page menu-item-134\"><a href=\"javascript:void(0);\" data-href=\"https:\/\/flexomarket.com.mx\/index.php\/nosotros\/\">Nosotros<\/a><\/li>\n<li id=\"menu-item-195\" class=\"menu-item menu-item-type-post_type menu-item-object-page menu-item-has-children menu-item-195\"><a href=\"javascript:void(0);\" data-href=\"https:\/\/flexomarket.com.mx\/index.php\/productos\/\">Productos<\/a>\n<ul class=\"sub-menu\">\n\t<li id=\"menu-item-504\" class=\"menu-item menu-item-type-post_type menu-item-object-page menu-item-504\"><a href=\"javascript:void(0);\" data-href=\"https:\/\/flexomarket.com.mx\/index.php\/etiquetas\/\">Etiquetas<\/a><\/li>\n\t<li id=\"menu-item-441\" class=\"menu-item menu-item-type-post_type menu-item-object-page menu-item-441\"><a href=\"javascript:void(0);\" data-href=\"https:\/\/flexomarket.com.mx\/index.php\/playo\/\">Playo<\/a><\/li>\n\t<li id=\"menu-item-458\" class=\"menu-item menu-item-type-post_type menu-item-object-page menu-item-458\"><a href=\"javascript:void(0);\" data-href=\"https:\/\/flexomarket.com.mx\/index.php\/ribbons\/\">Ribbons<\/a><\/li>\n\t<li id=\"menu-item-468\" class=\"menu-item menu-item-type-post_type menu-item-object-page menu-item-468\"><a href=\"javascript:void(0);\" data-href=\"https:\/\/flexomarket.com.mx\/index.php\/impresoras-de-transferencia-termica\/\">Impresoras de transferencia t\u00e9rmica<\/a><\/li>\n<\/ul>\n<\/li>\n<li id=\"menu-item-197\" class=\"menu-item menu-item-type-post_type menu-item-object-page menu-item-197\"><a href=\"javascript:void(0);\" data-href=\"https:\/\/flexomarket.com.mx\/index.php\/servicios\/\">Servicios<\/a><\/li>\n<li id=\"menu-item-261\" class=\"menu-item menu-item-type-post_type menu-item-object-page menu-item-has-children menu-item-261\"><a href=\"javascript:void(0);\" data-href=\"https:\/\/flexomarket.com.mx\/index.php\/materiales\/\">Materiales<\/a>\n<ul class=\"sub-menu\">\n\t<li id=\"menu-item-410\" class=\"menu-item menu-item-type-post_type menu-item-object-page menu-item-410\"><a href=\"javascript:void(0);\" data-href=\"https:\/\/flexomarket.com.mx\/index.php\/etiquetas-a-color\/\">Etiquetas a color<\/a><\/li>\n\t<li id=\"menu-item-423\" class=\"menu-item menu-item-type-post_type menu-item-object-page menu-item-423\"><a href=\"javascript:void(0);\" data-href=\"https:\/\/flexomarket.com.mx\/index.php\/etiquetas-blancas\/\">Etiquetas blancas<\/a><\/li>\n\t<li id=\"menu-item-424\" class=\"menu-item menu-item-type-post_type menu-item-object-page menu-item-424\"><a href=\"javascript:void(0);\" data-href=\"https:\/\/flexomarket.com.mx\/index.php\/acabados\/\">Acabados<\/a><\/li>\n<\/ul>\n<\/li>\n<li id=\"menu-item-699\" class=\"menu-item menu-item-type-post_type menu-item-object-page menu-item-699\"><a href=\"javascript:void(0);\" data-href=\"https:\/\/flexomarket.com.mx\/index.php\/faq\/\">FAQ<\/a><\/li>\n<li id=\"menu-item-199\" class=\"menu-item menu-item-type-post_type menu-item-object-page menu-item-199\"><a href=\"javascript:void(0);\" data-href=\"https:\/\/flexomarket.com.mx\/index.php\/contacto\/\">Contacto<\/a><\/li>\n<\/ul><\/div>\n\t\t\t\t<div>\n\t\t\t\t\t<div class=\"gutenverse-nav-identity-panel\">\n\t\t\t\t\t\t<div class=\"gutenverse-nav-site-title\">\n\t\t\t\t\t\t\t<a href=\"https:\/\/flexomarket.com.mx\" class=\"gutenverse-nav-logo\"><img decoding=\"async\" src=\"https:\/\/flexomarket.com.mx\/wp-content\/uploads\/2025\/05\/flexomarket1.webp\" alt=\"Flexomarket - Ofrecemos a nuestros clientes etiquetas de alta calidad adaptadas a sus necesidades.\"><\/a>\n\t\t\t\t\t\t<\/div>\n\t\t\t\t\t\t<button class=\"gutenverse-close-menu\"><i aria-hidden=\"true\" class=\"gtn gtn-times-solid\"><\/i><\/button>\n\t\t\t\t\t<\/div>\n\t\t\t\t<\/div>\n\t\t\t<\/div>\n\t\t<\/div><\/div><\/div>\n\n\n\n<div class=\"wp-block-gutenverse-column guten-element guten-column guten-H1owEc hide-mobile\"><div class=\"guten-column-wrapper\" data-id=\"H1owEc\">\n<div class=\"guten-element guten-button-wrapper guten-HMcsLw\"><a class=\"guten-button guten-button-sm\" href=\"https:\/\/flexomarket.com.mx\/index.php\/contacto\/\"><span>Cotiza<\/span><\/a><\/div>\n<\/div><\/div>\n<\/div><\/section><\/div>\n\n\n\n<div class=\"section-wrapper\" data-id=\"EVBBUe\"><section class=\"wp-block-gutenverse-section guten-element guten-section guten-EVBBUe layout-boxed align-stretch\"><div class=\"guten-background-overlay\"><\/div><div class=\"guten-container guten-column-gap-default\">\n<div class=\"wp-block-gutenverse-column guten-element guten-column guten-Vpdrti\"><div class=\"guten-column-wrapper\" data-id=\"Vpdrti\">\n<div class=\"section-wrapper\" data-id=\"lAdoS0\"><section class=\"wp-block-gutenverse-section guten-element guten-section guten-lAdoS0 layout-boxed align-stretch\"><div class=\"guten-container guten-column-gap-no\">\n<div class=\"wp-block-gutenverse-column guten-element guten-column guten-MdDm66 animated guten-element-hide desktop-fadeInUp\"><div class=\"guten-column-wrapper\" data-id=\"MdDm66\">\n<h1 class=\"wp-block-gutenverse-heading guten-element guten-lL0Thi\">FAQ<\/h1>\n<\/div><\/div>\n<\/div><\/section><\/div>\n<\/div><\/div>\n<\/div><\/section><\/div>\n\n\n\n<div class=\"section-wrapper\" data-id=\"ruQHvf\"><section class=\"wp-block-gutenverse-section guten-element guten-section guten-ruQHvf layout-boxed align-stretch\"><div class=\"guten-container guten-column-gap-default\">\n<div class=\"wp-block-gutenverse-column guten-element guten-column guten-wpcU7a\"><div class=\"guten-column-wrapper\" data-id=\"wpcU7a\">\n<h5 class=\"wp-block-gutenverse-heading guten-element guten-wriGmP animated guten-element-hide desktop-fadeInUp\">FAQ<\/h5>\n\n\n\n<h2 class=\"wp-block-gutenverse-heading guten-element guten-42nzZz animated guten-element-hide desktop-fadeInUp\">Preguntas frecuentes<\/h2>\n\n\n\n<div class=\"guten-element gutenverse-text-editor guten-gZq858 animated guten-element-hide desktop-fadeInUp\"><div class=\"text-content-inner\">\n<p><\/p>\n<\/div><\/div>\n\n\n\n<div class=\"section-wrapper\" data-id=\"80Jms0\"><section class=\"wp-block-gutenverse-section guten-element guten-section guten-80Jms0 layout-fullwidth align-stretch\"><div class=\"guten-container guten-column-gap-no\">\n<div class=\"wp-block-gutenverse-column guten-element guten-column guten-FGNR1Q\"><div class=\"guten-column-wrapper\" data-id=\"FGNR1Q\">\n<div class=\"guten-element guten-accordions guten-Un3gYU animated guten-element-hide desktop-fadeInUp\">\n<div class=\"accordion-item guten-VcgW00\"><div class=\"accordion-heading\"><h5 class=\"accordion-text\">\u00bfQu\u00e9 tipos de etiquetas ofrecen?<\/h5><div class=\"accordion-icon\"><span class=\"accordion-icon-open\"><i class=\"fas fa-chevron-up\"><\/i><\/span><span class=\"accordion-icon-closed\"><i class=\"fas fa-angle-down\"><\/i><\/span><\/div><\/div><div class=\"accordion-body\"><div class=\"accordion-content\">\n<p>Ofrecemos etiquetas blancas o a color hasta 7 tintas, con o sin adhesivo en diferentes acabados e impresas en <strong><a href=\"https:\/\/flexomarket.com.mx\/index.php\/materiales\/\" data-type=\"page\" data-id=\"255\">materiales<\/a><\/strong> como Couch\u00e9, Transfer, BOPP (blanco y transparente), T\u00e9rmico sint\u00e9tico,Tyvek, Nylon y Poli\u00e9ster. Tambi\u00e9n imprimimos etiquetas t\u00e9rmicas con c\u00f3digos de barras o QR.<\/p>\n<\/div><\/div><\/div>\n\n\n\n<div class=\"accordion-item guten-50AORv\"><div class=\"accordion-heading\"><h5 class=\"accordion-text\">\u00bfCu\u00e1l es el tiempo de entrega estimado para un pedido\u00a0 de etiquetas?<\/h5><div class=\"accordion-icon\"><span class=\"accordion-icon-open\"><i class=\"fas fa-chevron-up\"><\/i><\/span><span class=\"accordion-icon-closed\"><i class=\"fas fa-angle-down\"><\/i><\/span><\/div><\/div><div class=\"accordion-body\"><div class=\"accordion-content\">\n<p>El tiempo de entrega var\u00eda seg\u00fan el volumen, tipo de etiqueta y caracter\u00edsticas del pedido. El plazo estimado de producci\u00f3n es de 5 a 10 d\u00edas h\u00e1biles, contados a partir de la recepci\u00f3n de la orden de compra y la confirmaci\u00f3n de todos los detalles t\u00e9cnicos del pedido. En caso de requerir entregas urgentes, contamos con opciones especiales sujetas a disponibilidad y evaluaci\u00f3n.<\/p>\n<\/div><\/div><\/div>\n\n\n\n<div class=\"accordion-item guten-GCKDsn\"><div class=\"accordion-heading\"><h5 class=\"accordion-text\">\u00bfHasta cuantos colores se pueden imprimir las etiquetas?<\/h5><div class=\"accordion-icon\"><span class=\"accordion-icon-open\"><i class=\"fas fa-chevron-up\"><\/i><\/span><span class=\"accordion-icon-closed\"><i class=\"fas fa-angle-down\"><\/i><\/span><\/div><\/div><div class=\"accordion-body\"><div class=\"accordion-content\">\n<p>Podemos imprimir hasta 7 tintas, incluyendo colores directos (Pantone), selecci\u00f3n de color, barnices y tintas especiales.<\/p>\n<\/div><\/div><\/div>\n\n\n\n<div class=\"accordion-item guten-isspat\"><div class=\"accordion-heading\"><h5 class=\"accordion-text\">\u00bfCu\u00e1nto es el m\u00ednimo de fabricaci\u00f3n?<\/h5><div class=\"accordion-icon\"><span class=\"accordion-icon-open\"><i class=\"fas fa-chevron-up\"><\/i><\/span><span class=\"accordion-icon-closed\"><i class=\"fas fa-angle-down\"><\/i><\/span><\/div><\/div><div class=\"accordion-body\"><div class=\"accordion-content\">\n<p>Las cantidades m\u00ednimas dependen directamente del tama\u00f1o de la etiqueta a fabricar.<\/p>\n\n\n\n<p>Nuestro objetivo es ofrecer soluciones que se adapten a sus necesidades, optimizando tanto el proceso productivo como los costos.<\/p>\n<\/div><\/div><\/div>\n<\/div>\n<\/div><\/div>\n\n\n\n<div class=\"wp-block-gutenverse-column guten-element guten-column guten-ETebPv\"><div class=\"guten-column-wrapper\" data-id=\"ETebPv\">\n<div class=\"guten-element guten-accordions guten-gGSsbZ animated guten-element-hide desktop-fadeInUp\">\n<div class=\"accordion-item guten-3O2SKQ\"><div class=\"accordion-heading\"><h5 class=\"accordion-text\">\u00bfPueden imprimir etiquetas en cualquier tama\u00f1o?<\/h5><div class=\"accordion-icon\"><span class=\"accordion-icon-open\"><i class=\"fas fa-chevron-up\"><\/i><\/span><span class=\"accordion-icon-closed\"><i class=\"fas fa-angle-down\"><\/i><\/span><\/div><\/div><div class=\"accordion-body\"><div class=\"accordion-content\">\n<p>S\u00ed, fabricamos etiquetas en distintos tama\u00f1os de acuerdo con las especificaciones de cada cliente. Contamos con maquinaria de impresi\u00f3n de 7 y 10 pulgadas de ancho, lo que nos permite adaptarnos a una amplia variedad de formatos. Adem\u00e1s, disponemos de un extenso inventario de suajes que cubre la mayor\u00eda de las medidas est\u00e1ndar. En caso de requerir una medida o dise\u00f1o espec\u00edfico no disponible, podemos mandar a fabricar un suaje personalizado, el cual est\u00e1 sujeto a cotizaci\u00f3n y tiene un tiempo estimado de fabricaci\u00f3n de 10 d\u00edas h\u00e1biles.<\/p>\n<\/div><\/div><\/div>\n\n\n\n<div class=\"accordion-item guten-R6POZC\"><div class=\"accordion-heading\"><h5 class=\"accordion-text\">\u00bfQu\u00e9 es un suaje?<\/h5><div class=\"accordion-icon\"><span class=\"accordion-icon-open\"><i class=\"fas fa-chevron-up\"><\/i><\/span><span class=\"accordion-icon-closed\"><i class=\"fas fa-angle-down\"><\/i><\/span><\/div><\/div><div class=\"accordion-body\"><div class=\"accordion-content\">\n<p>Un suaje, tambi\u00e9n conocido como troquel, es una herramienta de corte personalizada que se utiliza en la fabricaci\u00f3n de etiquetas para darles una forma y tama\u00f1o espec\u00edficos. Este suaje se monta en la m\u00e1quina de impresi\u00f3n o troquelado, donde funciona como una cuchilla o molde que corta el material durante el proceso de producci\u00f3n, permitiendo que las etiquetas salgan con la forma exacta requerida, ya sea rectangular, circular o un dise\u00f1o especial.<\/p>\n<\/div><\/div><\/div>\n\n\n\n<div class=\"accordion-item guten-2PshTg\"><div class=\"accordion-heading\"><h5 class=\"accordion-text\">\u00bfHacen entregas en toda la Rep\u00fablica?<\/h5><div class=\"accordion-icon\"><span class=\"accordion-icon-open\"><i class=\"fas fa-chevron-up\"><\/i><\/span><span class=\"accordion-icon-closed\"><i class=\"fas fa-angle-down\"><\/i><\/span><\/div><\/div><div class=\"accordion-body\"><div class=\"accordion-content\">\n<p>S\u00ed. Realizamos entregas con nuestro propio servicio de transporte en la Ciudad de M\u00e9xico y \u00c1rea Metropolitana. Para env\u00edos al resto de la Rep\u00fablica Mexicana, utilizamos servicios de log\u00edstica externos, lo que nos permite garantizar la cobertura nacional de manera eficiente y segura.<\/p>\n<\/div><\/div><\/div>\n<\/div>\n<\/div><\/div>\n<\/div><\/section><\/div>\n<\/div><\/div>\n<\/div><\/section><\/div>\n\n\n\n<div class=\"section-wrapper\" data-id=\"ooRx7V\"><section class=\"wp-block-gutenverse-section guten-element guten-section guten-ooRx7V layout-boxed align-stretch\"><div class=\"guten-background-overlay\"><\/div><div class=\"guten-container guten-column-gap-default\">\n<div class=\"wp-block-gutenverse-column guten-element guten-column guten-CgiXYY\"><div class=\"guten-column-wrapper\" data-id=\"CgiXYY\">\n<h2 class=\"wp-block-gutenverse-heading guten-element guten-0sTXag animated guten-element-hide desktop-fadeInUp\">Cont\u00e1ctanos y juntos haremos crecer tu negocio.<\/h2>\n\n\n\n<div class=\"guten-element gutenverse-text-editor guten-9bF9Nr animated guten-element-hide desktop-fadeInUp\"><div class=\"text-content-inner\">\n<p>En Flexo Market estamos listos para llevar tu proyecto al siguiente nivel. Ya sea que necesites etiquetas personalizadas, soluciones en impresi\u00f3n o asesor\u00eda, nuestro equipo est\u00e1 aqu\u00ed para ayudarte a hacer realidad tus ideas.<\/p>\n<\/div><\/div>\n\n\n\n<div class=\"guten-element guten-button-wrapper guten-hG45Ej\"><a class=\"guten-button animated guten-element-hide desktop-fadeInUp guten-button-sm\" href=\"https:\/\/flexomarket.com.mx\/index.php\/contacto\/\"><span>Cont\u00e1ctanos<\/span><\/a><\/div>\n<\/div><\/div>\n<\/div><\/section><\/div>\n\n\n\n<div class=\"section-wrapper\" data-id=\"IU7d4G\"><section class=\"wp-block-gutenverse-section guten-element guten-section guten-IU7d4G layout-boxed align-stretch\"><div class=\"guten-background-overlay\"><\/div><div class=\"guten-container guten-column-gap-default\">\n<div class=\"wp-block-gutenverse-column guten-element guten-column guten-x55ZcN\"><div class=\"guten-column-wrapper\" data-id=\"x55ZcN\">\n<div class=\"section-wrapper\" data-id=\"3LlIQO\"><section class=\"wp-block-gutenverse-section guten-element guten-section guten-3LlIQO layout-fullwidth align-stretch\"><div class=\"guten-container guten-column-gap-no\">\n<div class=\"wp-block-gutenverse-column guten-element guten-column guten-VLxuIn\"><div class=\"guten-column-wrapper\" data-id=\"VLxuIn\">\n<div class=\"wp-block-gutenverse-image guten-element guten-image guten-2ffFQ1\"><div class=\"guten-image-wrapper\"><img loading=\"lazy\" decoding=\"async\" class=\"gutenverse-image-box-filled\" src=\"https:\/\/flexomarket.com.mx\/wp-content\/uploads\/2025\/05\/flexomarket2.webp\" height=\"377\" width=\"792\"\/><\/div><\/div>\n<\/div><\/div>\n\n\n\n<div class=\"wp-block-gutenverse-column guten-element guten-column guten-iySeod\"><div class=\"guten-column-wrapper\" data-id=\"iySeod\">\n<h4 class=\"wp-block-gutenverse-heading guten-element guten-MniglI\">Enlaces<\/h4>\n\n\n\n<div class=\"wp-block-gutenverse-divider guten-element guten-divider guten-OyAVu4\"><div class=\"guten-divider-wrapper\"><div class=\"guten-divider-default guten-divider-line guten-divider-regular\"><\/div><\/div><\/div>\n\n\n\n<div class=\"guten-element guten-icon-list guten-KuluKY\"><div class=\" list-wrapper \">\n<div class=\"guten-element guten-icon-list-item guten-3QpSpP\"><div class=\"list-divider\"><\/div><a id=\"guten-3QpSpP\" href=\"https:\/\/flexomarket.com.mx\/index.php\/nosotros\/\"><i class=\"\"><\/i><span class=\"list-text \">Nosotros<\/span><\/a><\/div>\n\n\n\n<div class=\"guten-element guten-icon-list-item guten-8o0bXo\"><div class=\"list-divider\"><\/div><a id=\"guten-8o0bXo\" href=\"https:\/\/flexomarket.com.mx\/index.php\/productos\/\"><i class=\"\"><\/i><span class=\"list-text \">Productos<\/span><\/a><\/div>\n\n\n\n<div class=\"guten-element guten-icon-list-item guten-HdqMe4\"><div class=\"list-divider\"><\/div><a id=\"guten-HdqMe4\" href=\"https:\/\/flexomarket.com.mx\/index.php\/servicios\/\"><i class=\"\"><\/i><span class=\"list-text \">Servicios<\/span><\/a><\/div>\n\n\n\n<div class=\"guten-element guten-icon-list-item guten-wYHsET\"><div class=\"list-divider\"><\/div><a id=\"guten-wYHsET\" href=\"https:\/\/flexomarket.com.mx\/index.php\/materiales\/\"><i class=\"\"><\/i><span class=\"list-text \">Materiales<\/span><\/a><\/div>\n\n\n\n<div class=\"guten-element guten-icon-list-item guten-f7Kmpi\"><div class=\"list-divider\"><\/div><a id=\"guten-f7Kmpi\" href=\"https:\/\/flexomarket.com.mx\/index.php\/contacto\/\"><i class=\"\"><\/i><span class=\"list-text \">Contacto<\/span><\/a><\/div>\n<\/div><\/div>\n<\/div><\/div>\n\n\n\n<div class=\"wp-block-gutenverse-column guten-element guten-column guten-IHibkl\"><div class=\"guten-column-wrapper\" data-id=\"IHibkl\">\n<h4 class=\"wp-block-gutenverse-heading guten-element guten-sA4IbC\">Otros<\/h4>\n\n\n\n<div class=\"wp-block-gutenverse-divider guten-element guten-divider guten-7Y27rh\"><div class=\"guten-divider-wrapper\"><div class=\"guten-divider-default guten-divider-line guten-divider-regular\"><\/div><\/div><\/div>\n\n\n\n<div class=\"guten-element guten-icon-list guten-gxIn8S\"><div class=\" list-wrapper \">\n<div class=\"guten-element guten-icon-list-item guten-BIo3HO\"><div class=\"list-divider\"><\/div><a id=\"guten-BIo3HO\" href=\"https:\/\/flexomarket.com.mx\/index.php\/faq\/\"><i class=\"\"><\/i><span class=\"list-text \">FAQ<\/span><\/a><\/div>\n<\/div><\/div>\n<\/div><\/div>\n\n\n\n<div class=\"wp-block-gutenverse-column guten-element guten-column guten-THY201\"><div class=\"guten-column-wrapper\" data-id=\"THY201\">\n<h4 class=\"wp-block-gutenverse-heading guten-element guten-3QGNGU\">Ll\u00e1manos<\/h4>\n\n\n\n<div class=\"wp-block-gutenverse-divider guten-element guten-divider guten-dx6rf5\"><div class=\"guten-divider-wrapper\"><div class=\"guten-divider-default guten-divider-line guten-divider-regular\"><\/div><\/div><\/div>\n\n\n\n<div class=\"guten-element guten-AvXg14 guten-icon-box icon-position-left\"><a class=\"\" href=\"#\"><div class=\"guten-icon-box-wrapper hover-from-left\"><div class=\"icon-box icon-box-header\"><div class=\"icon bg-style-color\"><i class=\"gtn gtn-phone-line icon-style-color\"><\/i><\/div><\/div><div class=\"icon-box icon-box-body\"><h5 class=\"title\">Tel\u00e9fonos<\/h5><p class=\"icon-box-description\">55-9236-3445<br>55-2274-2113<br>55-5076-5804<br>55-8792-7425<br>55-2244-2262<\/p><\/div><\/div><\/a><\/div>\n\n\n\n<div class=\"guten-element guten-FHJ25W guten-icon-box icon-position-left\"><a class=\"\" href=\"#\"><div class=\"guten-icon-box-wrapper hover-from-left\"><div class=\"icon-box icon-box-header\"><div class=\"icon bg-style-color\"><i class=\"gtn gtn-email-light icon-style-color\"><\/i><\/div><\/div><div class=\"icon-box icon-box-body\"><h5 class=\"title\">Email<\/h5><p class=\"icon-box-description\">ventas@flexomarket.com.mx<\/p><\/div><\/div><\/a><\/div>\n\n\n\n<div class=\"guten-element guten-social-icons guten-q18LSB circle horizontal fill\">\n<div class=\"guten-element guten-social-icon guten-689BjG facebook\"><a id=\"guten-689BjG\" href=\"https:\/\/www.facebook.com\/profile.php?id=61556387545932\" target=\"_blank\" rel=\"noreferrer noopener\"><i class=\"gtn gtn-facebook-light\"><\/i><\/a><\/div>\n\n\n\n<div class=\"guten-element guten-social-icon guten-Zn0Nw9 instagram\"><a id=\"guten-Zn0Nw9\" href=\"https:\/\/www.instagram.com\/flexomarketdemexico\/\" target=\"_blank\" rel=\"noreferrer noopener\"><i class=\"fab fa-instagram\"><\/i><\/a><\/div>\n\n\n\n<div class=\"guten-element guten-social-icon guten-ZCcgTk link\"><a id=\"guten-ZCcgTk\" href=\"https:\/\/www.linkedin.com\/company\/flexomarket-de-m%C3%A9xico\/posts\/?feedView=all\" target=\"_blank\" rel=\"noreferrer noopener\"><i class=\"fab fa-linkedin\"><\/i><\/a><\/div>\n<\/div>\n<\/div><\/div>\n<\/div><\/section><\/div>\n\n\n\n<div class=\"section-wrapper\" data-id=\"VkcL09\"><section class=\"wp-block-gutenverse-section guten-element guten-section guten-VkcL09 layout-fullwidth align-stretch\"><div class=\"guten-container guten-column-gap-no\">\n<div class=\"wp-block-gutenverse-column guten-element guten-column guten-R3uzAm\"><div class=\"guten-column-wrapper\" data-id=\"R3uzAm\">\n<div class=\"guten-element gutenverse-text-editor guten-i0B5uz\"><div class=\"text-content-inner\">\n<p class=\"has-white-color has-text-color has-link-color wp-elements-6231abfe1316cc0fc87ae65bf5da8f36\">Flexomarket <\/p>\n<\/div><\/div>\n<\/div><\/div>\n\n\n\n<div class=\"wp-block-gutenverse-column guten-element guten-column guten-WEMErU\"><div class=\"guten-column-wrapper\" data-id=\"WEMErU\">\n<div class=\"guten-element gutenverse-text-editor guten-OrsUyA\"><div class=\"text-content-inner\">\n<p class=\"has-white-color has-text-color has-link-color wp-elements-9acd71cbeac9059d0ee76d3acf06c8e3\">Copyright \u00a9 2025. Todos los derechos reservados<\/p>\n<\/div><\/div>\n<\/div><\/div>\n<\/div><\/section><\/div>\n<\/div><\/div>\n<\/div><\/section><\/div>\n","protected":false},"excerpt":{"rendered":"","protected":false},"author":1,"featured_media":0,"parent":0,"menu_order":0,"comment_status":"closed","ping_status":"closed","template":"blank-canvas","meta":{"footnotes":""},"class_list":["post-74","page","type-page","status-publish","hentry"],"_links":{"self":[{"href":"https:\/\/flexomarket.com.mx\/index.php\/wp-json\/wp\/v2\/pages\/74","targetHints":{"allow":["GET"]}}],"collection":[{"href":"https:\/\/flexomarket.com.mx\/index.php\/wp-json\/wp\/v2\/pages"}],"about":[{"href":"https:\/\/flexomarket.com.mx\/index.php\/wp-json\/wp\/v2\/types\/page"}],"author":[{"embeddable":true,"href":"https:\/\/flexomarket.com.mx\/index.php\/wp-json\/wp\/v2\/users\/1"}],"replies":[{"embeddable":true,"href":"https:\/\/flexomarket.com.mx\/index.php\/wp-json\/wp\/v2\/comments?post=74"}],"version-history":[{"count":4,"href":"https:\/\/flexomarket.com.mx\/index.php\/wp-json\/wp\/v2\/pages\/74\/revisions"}],"predecessor-version":[{"id":700,"href":"https:\/\/flexomarket.com.mx\/index.php\/wp-json\/wp\/v2\/pages\/74\/revisions\/700"}],"wp:attachment":[{"href":"https:\/\/flexomarket.com.mx\/index.php\/wp-json\/wp\/v2\/media?parent=74"}],"curies":[{"name":"wp","href":"https:\/\/api.w.org\/{rel}","templated":true}]}}