{"id":78,"date":"2025-04-12T02:55:10","date_gmt":"2025-04-12T02:55:10","guid":{"rendered":"https:\/\/flexomarket.com.mx\/nuevo\/index.php\/contact\/"},"modified":"2025-06-03T02:25:08","modified_gmt":"2025-06-03T02:25:08","slug":"contacto","status":"publish","type":"page","link":"https:\/\/flexomarket.com.mx\/index.php\/contacto\/","title":{"rendered":"Contacto"},"content":{"rendered":"\n<div class=\"section-wrapper\" data-id=\"HFVEPB\"><section class=\"wp-block-gutenverse-section guten-element guten-section guten-HFVEPB hide-tablet hide-mobile layout-boxed align-stretch\"><div class=\"guten-container guten-column-gap-no\">\n<div class=\"wp-block-gutenverse-column guten-element guten-column guten-Q2QvLd\"><div class=\"guten-column-wrapper\" data-id=\"Q2QvLd\">\n<div class=\"guten-element guten-icon-list guten-HIpSE0\"><div class=\" list-wrapper inline-icon-list\">\n<div class=\"guten-element guten-icon-list-item guten-KsxRNx\"><div class=\"list-divider\"><\/div><a id=\"guten-KsxRNx\"><i class=\"fas fa-map-marker-alt\"><\/i><span class=\"list-text \">Calle Costa Rica Mz34 Lt9, Col. Ejidos de San Miguel, C.P. 52928, Estado de M\u00e9xico.<\/span><\/a><\/div>\n\n\n\n<div class=\"guten-element guten-icon-list-item guten-wanZmU\"><div class=\"list-divider\"><\/div><a id=\"guten-wanZmU\"><i class=\"fas fa-envelope\"><\/i><span class=\"list-text \">ventas@flexomarket.com.mx<\/span><\/a><\/div>\n<\/div><\/div>\n<\/div><\/div>\n\n\n\n<div class=\"wp-block-gutenverse-column guten-element guten-column guten-HvHufO\"><div class=\"guten-column-wrapper\" data-id=\"HvHufO\">\n<div class=\"guten-element guten-social-icons guten-gusNO5 circle horizontal fill\">\n<div class=\"guten-element guten-social-icon guten-JDPxPX facebook\"><a id=\"guten-JDPxPX\" href=\"https:\/\/www.facebook.com\/profile.php?id=61556387545932\" target=\"_blank\" rel=\"noreferrer noopener\"><i class=\"gtn gtn-facebook-light\"><\/i><\/a><\/div>\n\n\n\n<div class=\"guten-element guten-social-icon guten-wBSXmK link\"><a id=\"guten-wBSXmK\" href=\"https:\/\/www.linkedin.com\/company\/flexomarket-de-m%C3%A9xico\/posts\/?feedView=all\" target=\"_blank\" rel=\"noreferrer noopener\"><i class=\"fab fa-linkedin\"><\/i><\/a><\/div>\n\n\n\n<div class=\"guten-element guten-social-icon guten-bZtVVe instagram\"><a id=\"guten-bZtVVe\" href=\"https:\/\/www.instagram.com\/flexomarketdemexico\/\" target=\"_blank\" rel=\"noreferrer noopener\"><i class=\"gtn gtn-instagram-1-light\"><\/i><\/a><\/div>\n<\/div>\n<\/div><\/div>\n<\/div><\/section><\/div>\n\n\n\n<div class=\"section-wrapper\" data-id=\"YqFuOP\"><section class=\"wp-block-gutenverse-section guten-element guten-section guten-YqFuOP layout-boxed align-stretch\"><div class=\"guten-container guten-column-gap-no\">\n<div class=\"wp-block-gutenverse-column guten-element guten-column guten-ynv70o\"><div class=\"guten-column-wrapper\" data-id=\"ynv70o\">\n<div class=\"wp-block-gutenverse-image guten-element guten-image guten-gAYyw6\"><a class=\"guten-image-wrapper\" href=\"https:\/\/flexomarket.com.mx\/\"><img loading=\"lazy\" decoding=\"async\" class=\"gutenverse-image-box-filled\" src=\"https:\/\/flexomarket.com.mx\/wp-content\/uploads\/2025\/04\/flexomarket.webp\" height=\"346\" width=\"792\"\/><\/a><\/div>\n<\/div><\/div>\n\n\n\n<div class=\"wp-block-gutenverse-column guten-element guten-column guten-9S7vCn\"><div class=\"guten-column-wrapper\" data-id=\"9S7vCn\"><div id=\"guten-6mjg0u\" class=\"guten-element guten-nav-menu nav-menu break-point-tablet submenu-click-title \" data-item-indicator=\"gtn gtn-angle-down-solid\" data-close-on-click=\"1\">\n\t\t\t<div class=\"gutenverse-hamburger-wrapper\">\n\t\t\t\t<button class=\"gutenverse-hamburger-menu\">\n\t\t\t\t\t<i aria-hidden=\"true\" class=\"gtn gtn-bars-solid\"><\/i>\n\t\t\t\t<\/button>\n\t\t\t<\/div>\n\t\t\t<div class=\"guten-nav-overlay\"><\/div>\n\t\t\t<div class=\"gutenverse-menu-wrapper\"><div class=\"gutenverse-menu-container\"><ul id=\"menu-textilery-1\" class=\"gutenverse-menu\"><li id=\"menu-item-194\" class=\"menu-item menu-item-type-post_type menu-item-object-page menu-item-home menu-item-194\"><a href=\"javascript:void(0);\" data-href=\"https:\/\/flexomarket.com.mx\/\">Inicio<\/a><\/li>\n<li id=\"menu-item-134\" class=\"menu-item menu-item-type-post_type menu-item-object-page menu-item-134\"><a href=\"javascript:void(0);\" data-href=\"https:\/\/flexomarket.com.mx\/index.php\/nosotros\/\">Nosotros<\/a><\/li>\n<li id=\"menu-item-195\" class=\"menu-item menu-item-type-post_type menu-item-object-page menu-item-has-children menu-item-195\"><a href=\"javascript:void(0);\" data-href=\"https:\/\/flexomarket.com.mx\/index.php\/productos\/\">Productos<\/a>\n<ul class=\"sub-menu\">\n\t<li id=\"menu-item-504\" class=\"menu-item menu-item-type-post_type menu-item-object-page menu-item-504\"><a href=\"javascript:void(0);\" data-href=\"https:\/\/flexomarket.com.mx\/index.php\/etiquetas\/\">Etiquetas<\/a><\/li>\n\t<li id=\"menu-item-441\" class=\"menu-item menu-item-type-post_type menu-item-object-page menu-item-441\"><a href=\"javascript:void(0);\" data-href=\"https:\/\/flexomarket.com.mx\/index.php\/playo\/\">Playo<\/a><\/li>\n\t<li id=\"menu-item-458\" class=\"menu-item menu-item-type-post_type menu-item-object-page menu-item-458\"><a href=\"javascript:void(0);\" data-href=\"https:\/\/flexomarket.com.mx\/index.php\/ribbons\/\">Ribbons<\/a><\/li>\n\t<li id=\"menu-item-468\" class=\"menu-item menu-item-type-post_type menu-item-object-page menu-item-468\"><a href=\"javascript:void(0);\" data-href=\"https:\/\/flexomarket.com.mx\/index.php\/impresoras-de-transferencia-termica\/\">Impresoras de transferencia t\u00e9rmica<\/a><\/li>\n<\/ul>\n<\/li>\n<li id=\"menu-item-197\" class=\"menu-item menu-item-type-post_type menu-item-object-page menu-item-197\"><a href=\"javascript:void(0);\" data-href=\"https:\/\/flexomarket.com.mx\/index.php\/servicios\/\">Servicios<\/a><\/li>\n<li id=\"menu-item-261\" class=\"menu-item menu-item-type-post_type menu-item-object-page menu-item-has-children menu-item-261\"><a href=\"javascript:void(0);\" data-href=\"https:\/\/flexomarket.com.mx\/index.php\/materiales\/\">Materiales<\/a>\n<ul class=\"sub-menu\">\n\t<li id=\"menu-item-410\" class=\"menu-item menu-item-type-post_type menu-item-object-page menu-item-410\"><a href=\"javascript:void(0);\" data-href=\"https:\/\/flexomarket.com.mx\/index.php\/etiquetas-a-color\/\">Etiquetas a color<\/a><\/li>\n\t<li id=\"menu-item-423\" class=\"menu-item menu-item-type-post_type menu-item-object-page menu-item-423\"><a href=\"javascript:void(0);\" data-href=\"https:\/\/flexomarket.com.mx\/index.php\/etiquetas-blancas\/\">Etiquetas blancas<\/a><\/li>\n\t<li id=\"menu-item-424\" class=\"menu-item menu-item-type-post_type menu-item-object-page menu-item-424\"><a href=\"javascript:void(0);\" data-href=\"https:\/\/flexomarket.com.mx\/index.php\/acabados\/\">Acabados<\/a><\/li>\n<\/ul>\n<\/li>\n<li id=\"menu-item-699\" class=\"menu-item menu-item-type-post_type menu-item-object-page menu-item-699\"><a href=\"javascript:void(0);\" data-href=\"https:\/\/flexomarket.com.mx\/index.php\/faq\/\">FAQ<\/a><\/li>\n<li id=\"menu-item-199\" class=\"menu-item menu-item-type-post_type menu-item-object-page menu-item-199\"><a href=\"javascript:void(0);\" data-href=\"https:\/\/flexomarket.com.mx\/index.php\/contacto\/\">Contacto<\/a><\/li>\n<\/ul><\/div>\n\t\t\t\t<div>\n\t\t\t\t\t<div class=\"gutenverse-nav-identity-panel\">\n\t\t\t\t\t\t<div class=\"gutenverse-nav-site-title\">\n\t\t\t\t\t\t\t<a href=\"https:\/\/flexomarket.com.mx\" class=\"gutenverse-nav-logo\"><img decoding=\"async\" src=\"https:\/\/flexomarket.com.mx\/wp-content\/uploads\/2025\/05\/flexomarket1.webp\" alt=\"Flexomarket - Ofrecemos a nuestros clientes etiquetas de alta calidad adaptadas a sus necesidades.\"><\/a>\n\t\t\t\t\t\t<\/div>\n\t\t\t\t\t\t<button class=\"gutenverse-close-menu\"><i aria-hidden=\"true\" class=\"gtn gtn-times-solid\"><\/i><\/button>\n\t\t\t\t\t<\/div>\n\t\t\t\t<\/div>\n\t\t\t<\/div>\n\t\t<\/div><\/div><\/div>\n\n\n\n<div class=\"wp-block-gutenverse-column guten-element guten-column guten-H1owEc hide-mobile\"><div class=\"guten-column-wrapper\" data-id=\"H1owEc\">\n<div class=\"guten-element guten-button-wrapper guten-HMcsLw\"><a class=\"guten-button guten-button-sm\" href=\"https:\/\/flexomarket.com.mx\/index.php\/contacto\/\"><span>Cotiza<\/span><\/a><\/div>\n<\/div><\/div>\n<\/div><\/section><\/div>\n\n\n\n<div class=\"section-wrapper\" data-id=\"EVBBUe\"><section class=\"wp-block-gutenverse-section guten-element guten-section guten-EVBBUe layout-boxed align-stretch\"><div class=\"guten-background-overlay\"><\/div><div class=\"guten-container guten-column-gap-default\">\n<div class=\"wp-block-gutenverse-column guten-element guten-column guten-Vpdrti\"><div class=\"guten-column-wrapper\" data-id=\"Vpdrti\">\n<div class=\"section-wrapper\" data-id=\"lAdoS0\"><section class=\"wp-block-gutenverse-section guten-element guten-section guten-lAdoS0 layout-boxed align-stretch\"><div class=\"guten-container guten-column-gap-no\">\n<div class=\"wp-block-gutenverse-column guten-element guten-column guten-MdDm66 animated guten-element-hide desktop-fadeInUp\"><div class=\"guten-column-wrapper\" data-id=\"MdDm66\">\n<h1 class=\"wp-block-gutenverse-heading guten-element guten-lL0Thi\">Cont\u00e1ctanos<\/h1>\n<\/div><\/div>\n<\/div><\/section><\/div>\n<\/div><\/div>\n<\/div><\/section><\/div>\n\n\n\n<div class=\"section-wrapper\" data-id=\"6HV9rJ\"><section class=\"wp-block-gutenverse-section guten-element guten-section guten-6HV9rJ layout-boxed align-stretch\"><div class=\"guten-container guten-column-gap-default\">\n<div class=\"wp-block-gutenverse-column guten-element guten-column guten-ZVaKCj\"><div class=\"guten-column-wrapper\" data-id=\"ZVaKCj\">\n<div class=\"guten-element gutenverse-maps guten-Ag8TBe\"><iframe frameborder=\"0\" scrolling=\"no\" marginheight=\"0\" marginwidth=\"0\" src=\"https:\/\/maps.google.com\/maps?q=Flexo%20Market%20de%20M%C3%A9xico&amp;z=15&amp;t=m&amp;output=embed&amp;iwloc=near\" title=\"Flexo Market de M\u00e9xico\"><\/iframe><\/div>\n<\/div><\/div>\n<\/div><\/section><\/div>\n\n\n\n<div class=\"section-wrapper\" data-id=\"8QdEyX\"><section class=\"wp-block-gutenverse-section guten-element guten-section guten-8QdEyX layout-boxed align-stretch\"><div class=\"guten-container guten-column-gap-default\">\n<div class=\"wp-block-gutenverse-column guten-element guten-column guten-X111al\"><div class=\"guten-column-wrapper\" data-id=\"X111al\">\n<h5 class=\"wp-block-gutenverse-heading guten-element guten-EPOALp animated guten-element-hide desktop-fadeInRight\">Cont\u00e1ctanos<\/h5>\n\n\n\n<h2 class=\"wp-block-gutenverse-heading guten-element guten-OCDoea animated guten-element-hide desktop-fadeInRight\">Listos para ayudarte<\/h2>\n\n\n\n<div class=\"guten-element gutenverse-text-editor guten-83QxWS animated guten-element-hide desktop-fadeInRight\"><div class=\"text-content-inner\">\n<p>En Flexo Market estamos listos para llevar tu proyecto al siguiente nivel. Ya sea que necesites etiquetas personalizadas, soluciones en impresi\u00f3n o asesor\u00eda, nuestro equipo est\u00e1 aqu\u00ed para ayudarte a hacer realidad tus ideas.<\/p>\n<\/div><\/div>\n\n\n\n<div class=\"section-wrapper\" data-id=\"2heJiq\"><section class=\"wp-block-gutenverse-section guten-element guten-section guten-2heJiq layout-fullwidth align-stretch\"><div class=\"guten-container guten-column-gap-no\">\n<div class=\"wp-block-gutenverse-column guten-element guten-column guten-W00Mk6\"><div class=\"guten-column-wrapper\" data-id=\"W00Mk6\">\n<div class=\"guten-element guten-p39u6H animated guten-element-hide desktop-fadeInUp guten-icon-box icon-position-left\"><div class=\"guten-icon-box-wrapper hover-from-left\"><div class=\"icon-box icon-box-header\"><div class=\"icon bg-style-color\"><i class=\"gtn gtn-cityscape-light icon-style-color\"><\/i><\/div><\/div><div class=\"icon-box icon-box-body\"><h5 class=\"title\">Oficina y planta<\/h5><p class=\"icon-box-description\">Calle Costa Rica 34,<br>Col. Ejidos de San Miguel, C.P. 52928,<br>Estado de M\u00e9xico.<\/p><\/div><\/div><\/div>\n<\/div><\/div>\n\n\n\n<div class=\"wp-block-gutenverse-column guten-element guten-column guten-Wv39r7\"><div class=\"guten-column-wrapper\" data-id=\"Wv39r7\">\n<div class=\"guten-element guten-ETonQG animated guten-element-hide desktop-fadeInUp guten-icon-box icon-position-left\"><div class=\"guten-icon-box-wrapper hover-from-left\"><div class=\"icon-box icon-box-header\"><div class=\"icon bg-style-color\"><i class=\"gtn gtn-phone-call-line icon-style-color\"><\/i><\/div><\/div><div class=\"icon-box icon-box-body\"><h5 class=\"title\">Tel\u00e9fonos<\/h5><p class=\"icon-box-description\">55-9236-3445<br>55-2274-2113<br>55-5076-5804<br>55-8792-7425<\/p><\/div><\/div><\/div>\n<\/div><\/div>\n<\/div><\/section><\/div>\n\n\n\n<div class=\"section-wrapper\" data-id=\"eeh2Ai\"><section class=\"wp-block-gutenverse-section guten-element guten-section guten-eeh2Ai layout-fullwidth align-stretch\"><div class=\"guten-container guten-column-gap-no\">\n<div class=\"wp-block-gutenverse-column guten-element guten-column guten-6xq8C2\"><div class=\"guten-column-wrapper\" data-id=\"6xq8C2\">\n<div class=\"guten-element guten-6HzIrv animated guten-element-hide desktop-fadeInLeft guten-icon-box icon-position-left\"><div class=\"guten-icon-box-wrapper hover-from-left\"><div class=\"icon-box icon-box-header\"><div class=\"icon bg-style-color\"><i class=\"gtn gtn-envelope1-light icon-style-color\"><\/i><\/div><\/div><div class=\"icon-box icon-box-body\"><h5 class=\"title\">Email<\/h5><p class=\"icon-box-description\">ventas@flexomarket.com.mx<\/p><\/div><\/div><\/div>\n<\/div><\/div>\n\n\n\n<div class=\"wp-block-gutenverse-column guten-element guten-column guten-fH6iTa\"><div class=\"guten-column-wrapper\" data-id=\"fH6iTa\"><\/div><\/div>\n<\/div><\/section><\/div>\n\n\n\n<div class=\"wp-block-gutenverse-divider guten-element guten-divider guten-bSZOlo\"><div class=\"guten-divider-wrapper\"><div class=\"guten-divider-default guten-divider-line guten-divider-regular\"><\/div><\/div><\/div>\n\n\n\n<h3 class=\"wp-block-gutenverse-heading guten-element guten-J2a6ET animated guten-element-hide desktop-fadeInRight\">Redes sociales<\/h3>\n\n\n\n<div class=\"guten-element guten-social-icons guten-MMYMGk circle horizontal fill animated guten-element-hide desktop-fadeInLeft\">\n<div class=\"guten-element guten-social-icon guten-wuuOpQ facebook\"><a id=\"guten-wuuOpQ\" href=\"https:\/\/www.facebook.com\/profile.php?id=61556387545932\" target=\"_blank\" rel=\"noreferrer noopener\"><i class=\"gtn gtn-facebook-light\"><\/i><\/a><\/div>\n\n\n\n<div class=\"guten-element guten-social-icon guten-xyGvuB instagram\"><a id=\"guten-xyGvuB\" href=\"https:\/\/www.instagram.com\/flexomarketdemexico\/\" target=\"_blank\" rel=\"noreferrer noopener\"><i class=\"fab fa-instagram\"><\/i><\/a><\/div>\n\n\n\n<div class=\"guten-element guten-social-icon guten-zRE1kZ link\"><a id=\"guten-zRE1kZ\" href=\"https:\/\/www.linkedin.com\/company\/flexomarket-de-m%C3%A9xico\/posts\/?feedView=all\"><i class=\"gtn gtn-linkedin-light\"><\/i><\/a><\/div>\n<\/div>\n<\/div><\/div>\n<\/div><\/section><\/div>\n\n\n\n<div class=\"section-wrapper\" data-id=\"IU7d4G\"><section class=\"wp-block-gutenverse-section guten-element guten-section guten-IU7d4G layout-boxed align-stretch\"><div class=\"guten-background-overlay\"><\/div><div class=\"guten-container guten-column-gap-default\">\n<div class=\"wp-block-gutenverse-column guten-element guten-column guten-x55ZcN\"><div class=\"guten-column-wrapper\" data-id=\"x55ZcN\">\n<div class=\"section-wrapper\" data-id=\"3LlIQO\"><section class=\"wp-block-gutenverse-section guten-element guten-section guten-3LlIQO layout-fullwidth align-stretch\"><div class=\"guten-container guten-column-gap-no\">\n<div class=\"wp-block-gutenverse-column guten-element guten-column guten-VLxuIn\"><div class=\"guten-column-wrapper\" data-id=\"VLxuIn\">\n<div class=\"wp-block-gutenverse-image guten-element guten-image guten-2ffFQ1\"><div class=\"guten-image-wrapper\"><img loading=\"lazy\" decoding=\"async\" class=\"gutenverse-image-box-filled\" src=\"https:\/\/flexomarket.com.mx\/wp-content\/uploads\/2025\/05\/flexomarket2.webp\" height=\"377\" width=\"792\"\/><\/div><\/div>\n<\/div><\/div>\n\n\n\n<div class=\"wp-block-gutenverse-column guten-element guten-column guten-iySeod\"><div class=\"guten-column-wrapper\" data-id=\"iySeod\">\n<h4 class=\"wp-block-gutenverse-heading guten-element guten-MniglI\">Enlaces<\/h4>\n\n\n\n<div class=\"wp-block-gutenverse-divider guten-element guten-divider guten-OyAVu4\"><div class=\"guten-divider-wrapper\"><div class=\"guten-divider-default guten-divider-line guten-divider-regular\"><\/div><\/div><\/div>\n\n\n\n<div class=\"guten-element guten-icon-list guten-KuluKY\"><div class=\" list-wrapper \">\n<div class=\"guten-element guten-icon-list-item guten-3QpSpP\"><div class=\"list-divider\"><\/div><a id=\"guten-3QpSpP\" href=\"https:\/\/flexomarket.com.mx\/index.php\/nosotros\/\"><i class=\"\"><\/i><span class=\"list-text \">Nosotros<\/span><\/a><\/div>\n\n\n\n<div class=\"guten-element guten-icon-list-item guten-8o0bXo\"><div class=\"list-divider\"><\/div><a id=\"guten-8o0bXo\" href=\"https:\/\/flexomarket.com.mx\/index.php\/productos\/\"><i class=\"\"><\/i><span class=\"list-text \">Productos<\/span><\/a><\/div>\n\n\n\n<div class=\"guten-element guten-icon-list-item guten-HdqMe4\"><div class=\"list-divider\"><\/div><a id=\"guten-HdqMe4\" href=\"https:\/\/flexomarket.com.mx\/index.php\/servicios\/\"><i class=\"\"><\/i><span class=\"list-text \">Servicios<\/span><\/a><\/div>\n\n\n\n<div class=\"guten-element guten-icon-list-item guten-wYHsET\"><div class=\"list-divider\"><\/div><a id=\"guten-wYHsET\" href=\"https:\/\/flexomarket.com.mx\/index.php\/materiales\/\"><i class=\"\"><\/i><span class=\"list-text \">Materiales<\/span><\/a><\/div>\n\n\n\n<div class=\"guten-element guten-icon-list-item guten-f7Kmpi\"><div class=\"list-divider\"><\/div><a id=\"guten-f7Kmpi\" href=\"https:\/\/flexomarket.com.mx\/index.php\/contacto\/\"><i class=\"\"><\/i><span class=\"list-text \">Contacto<\/span><\/a><\/div>\n<\/div><\/div>\n<\/div><\/div>\n\n\n\n<div class=\"wp-block-gutenverse-column guten-element guten-column guten-IHibkl\"><div class=\"guten-column-wrapper\" data-id=\"IHibkl\">\n<h4 class=\"wp-block-gutenverse-heading guten-element guten-sA4IbC\">Otros<\/h4>\n\n\n\n<div class=\"wp-block-gutenverse-divider guten-element guten-divider guten-7Y27rh\"><div class=\"guten-divider-wrapper\"><div class=\"guten-divider-default guten-divider-line guten-divider-regular\"><\/div><\/div><\/div>\n\n\n\n<div class=\"guten-element guten-icon-list guten-gxIn8S\"><div class=\" list-wrapper \">\n<div class=\"guten-element guten-icon-list-item guten-BIo3HO\"><div class=\"list-divider\"><\/div><a id=\"guten-BIo3HO\" href=\"https:\/\/flexomarket.com.mx\/index.php\/faq\/\"><i class=\"\"><\/i><span class=\"list-text \">FAQ<\/span><\/a><\/div>\n<\/div><\/div>\n<\/div><\/div>\n\n\n\n<div class=\"wp-block-gutenverse-column guten-element guten-column guten-THY201\"><div class=\"guten-column-wrapper\" data-id=\"THY201\">\n<h4 class=\"wp-block-gutenverse-heading guten-element guten-3QGNGU\">Ll\u00e1manos<\/h4>\n\n\n\n<div class=\"wp-block-gutenverse-divider guten-element guten-divider guten-dx6rf5\"><div class=\"guten-divider-wrapper\"><div class=\"guten-divider-default guten-divider-line guten-divider-regular\"><\/div><\/div><\/div>\n\n\n\n<div class=\"guten-element guten-AvXg14 guten-icon-box icon-position-left\"><a class=\"\" href=\"#\"><div class=\"guten-icon-box-wrapper hover-from-left\"><div class=\"icon-box icon-box-header\"><div class=\"icon bg-style-color\"><i class=\"gtn gtn-phone-line icon-style-color\"><\/i><\/div><\/div><div class=\"icon-box icon-box-body\"><h5 class=\"title\">Tel\u00e9fonos<\/h5><p class=\"icon-box-description\">55-9236-3445<br>55-2274-2113<br>55-5076-5804<br>55-8792-7425<br>55-2244-2262<\/p><\/div><\/div><\/a><\/div>\n\n\n\n<div class=\"guten-element guten-FHJ25W guten-icon-box icon-position-left\"><a class=\"\" href=\"#\"><div class=\"guten-icon-box-wrapper hover-from-left\"><div class=\"icon-box icon-box-header\"><div class=\"icon bg-style-color\"><i class=\"gtn gtn-email-light icon-style-color\"><\/i><\/div><\/div><div class=\"icon-box icon-box-body\"><h5 class=\"title\">Email<\/h5><p class=\"icon-box-description\">ventas@flexomarket.com.mx<\/p><\/div><\/div><\/a><\/div>\n\n\n\n<div class=\"guten-element guten-social-icons guten-q18LSB circle horizontal fill\">\n<div class=\"guten-element guten-social-icon guten-689BjG facebook\"><a id=\"guten-689BjG\" href=\"https:\/\/www.facebook.com\/profile.php?id=61556387545932\" target=\"_blank\" rel=\"noreferrer noopener\"><i class=\"gtn gtn-facebook-light\"><\/i><\/a><\/div>\n\n\n\n<div class=\"guten-element guten-social-icon guten-Zn0Nw9 instagram\"><a id=\"guten-Zn0Nw9\" href=\"https:\/\/www.instagram.com\/flexomarketdemexico\/\" target=\"_blank\" rel=\"noreferrer noopener\"><i class=\"fab fa-instagram\"><\/i><\/a><\/div>\n\n\n\n<div class=\"guten-element guten-social-icon guten-ZCcgTk link\"><a id=\"guten-ZCcgTk\" href=\"https:\/\/www.linkedin.com\/company\/flexomarket-de-m%C3%A9xico\/posts\/?feedView=all\" target=\"_blank\" rel=\"noreferrer noopener\"><i class=\"fab fa-linkedin\"><\/i><\/a><\/div>\n<\/div>\n<\/div><\/div>\n<\/div><\/section><\/div>\n\n\n\n<div class=\"section-wrapper\" data-id=\"VkcL09\"><section class=\"wp-block-gutenverse-section guten-element guten-section guten-VkcL09 layout-fullwidth align-stretch\"><div class=\"guten-container guten-column-gap-no\">\n<div class=\"wp-block-gutenverse-column guten-element guten-column guten-R3uzAm\"><div class=\"guten-column-wrapper\" data-id=\"R3uzAm\">\n<div class=\"guten-element gutenverse-text-editor guten-i0B5uz\"><div class=\"text-content-inner\">\n<p class=\"has-white-color has-text-color has-link-color wp-elements-6231abfe1316cc0fc87ae65bf5da8f36\">Flexomarket <\/p>\n<\/div><\/div>\n<\/div><\/div>\n\n\n\n<div class=\"wp-block-gutenverse-column guten-element guten-column guten-WEMErU\"><div class=\"guten-column-wrapper\" data-id=\"WEMErU\">\n<div class=\"guten-element gutenverse-text-editor guten-OrsUyA\"><div class=\"text-content-inner\">\n<p class=\"has-white-color has-text-color has-link-color wp-elements-9acd71cbeac9059d0ee76d3acf06c8e3\">Copyright \u00a9 2025. Todos los derechos reservados<\/p>\n<\/div><\/div>\n<\/div><\/div>\n<\/div><\/section><\/div>\n<\/div><\/div>\n<\/div><\/section><\/div>\n","protected":false},"excerpt":{"rendered":"","protected":false},"author":1,"featured_media":0,"parent":0,"menu_order":0,"comment_status":"closed","ping_status":"closed","template":"blank-canvas","meta":{"footnotes":""},"class_list":["post-78","page","type-page","status-publish","hentry"],"_links":{"self":[{"href":"https:\/\/flexomarket.com.mx\/index.php\/wp-json\/wp\/v2\/pages\/78","targetHints":{"allow":["GET"]}}],"collection":[{"href":"https:\/\/flexomarket.com.mx\/index.php\/wp-json\/wp\/v2\/pages"}],"about":[{"href":"https:\/\/flexomarket.com.mx\/index.php\/wp-json\/wp\/v2\/types\/page"}],"author":[{"embeddable":true,"href":"https:\/\/flexomarket.com.mx\/index.php\/wp-json\/wp\/v2\/users\/1"}],"replies":[{"embeddable":true,"href":"https:\/\/flexomarket.com.mx\/index.php\/wp-json\/wp\/v2\/comments?post=78"}],"version-history":[{"count":13,"href":"https:\/\/flexomarket.com.mx\/index.php\/wp-json\/wp\/v2\/pages\/78\/revisions"}],"predecessor-version":[{"id":821,"href":"https:\/\/flexomarket.com.mx\/index.php\/wp-json\/wp\/v2\/pages\/78\/revisions\/821"}],"wp:attachment":[{"href":"https:\/\/flexomarket.com.mx\/index.php\/wp-json\/wp\/v2\/media?parent=78"}],"curies":[{"name":"wp","href":"https:\/\/api.w.org\/{rel}","templated":true}]}}